{"id":1241,"date":"2023-09-15T10:26:47","date_gmt":"2023-09-15T10:26:47","guid":{"rendered":"https:\/\/aragogamma.com\/wp\/compliance\/"},"modified":"2023-10-02T12:46:42","modified_gmt":"2023-10-02T12:46:42","slug":"compliance","status":"publish","type":"page","link":"https:\/\/aragogamma.com\/ca\/compliance\/","title":{"rendered":"Compliance"},"content":{"rendered":"<p>[et_pb_section fb_built=&#8221;1&#8243; _builder_version=&#8221;4.21.2&#8243; _module_preset=&#8221;default&#8221; global_colors_info=&#8221;{}&#8221;][et_pb_row _builder_version=&#8221;4.21.2&#8243; _module_preset=&#8221;default&#8221; global_colors_info=&#8221;{}&#8221;][et_pb_column type=&#8221;4_4&#8243; _builder_version=&#8221;4.21.2&#8243; _module_preset=&#8221;default&#8221; global_colors_info=&#8221;{}&#8221;][et_pb_text _builder_version=&#8221;4.21.2&#8243; _module_preset=&#8221;default&#8221; hover_enabled=&#8221;0&#8243; global_colors_info=&#8221;{}&#8221; sticky_enabled=&#8221;0&#8243;]<\/p>\n<h2 class=\"align-center pb-3 mbr-fonts-style display-2\">Model de Prevenci\u00f3 de Delictes (MPD)<\/h2>\n<p>&nbsp;<\/p>\n<p>ARAGOGAMMA, S.L. d\u00f3na a con\u00e8ixer el seu <strong>Model de Prevenci\u00f3 de Delictes (MPD)<\/strong> que s\u2019ajusta a les exig\u00e8ncies legals en mat\u00e8ria de responsabilitat penal corporativa, l\u2019objectiu del qual \u00e9s prevenir que la seva estructura jur\u00eddica sigui utilitzada per cometre delictes i alhora implementar un bon govern corporatiu i una cultura de compliment.<\/p>\n<p>ARAGOGAMMA, S.L. ha procedit a la implementaci\u00f3 d\u2019 un Model de Prevenci\u00f3 de Delictes \/Compliance Penal de conformitat amb l\u2019art.31 bis del Codi Penal.<br \/>L\u2019any 2010, amb la reforma del Codi Penal, es va se introduir a Espanya la responsabilitat penal de les empreses. Posteriorment, a l\u2019any 2015 es va establir la necessitat que les empreses comptin amb Models d\u2019organitzaci\u00f3 i gesti\u00f3 per a la prevenci\u00f3 de delictes (Models de Prevenci\u00f3 de Delictes).<\/p>\n<p>Des de l\u2019any 2017 ARAGOGAMMA es troba implementant i desenvolupant una estructura interna per a la prevenci\u00f3 de la comissi\u00f3 de delictes a l\u2019\u00e0mbit de l\u2019entitat.<\/p>\n<p><strong>Abast del MPD<\/strong><\/p>\n<p>ARAGOGAMMA ha procedit a la implementaci\u00f3 d\u2019una organitzaci\u00f3 interna per a la prevenci\u00f3 de delictes que es vertebra en:<\/p>\n<p>1. An\u00e0lisi de riscos penals<br \/>2. Mapa de riscos<br \/>3. Implementaci\u00f3 de controls transversals per a la prevenci\u00f3, detecci\u00f3 i mitigaci\u00f3 dels riscos<br \/>4. Implementaci\u00f3 de controls espec\u00edfics per a la prevenci\u00f3, detecci\u00f3 i mitigaci\u00f3 dels riscos<br \/>5. Creaci\u00f3 d\u2019un Comit\u00e8 de Compliance<br \/>6. Obertura d\u2019un Canal de Den\u00fancies<br \/>7. Auditories internes<br \/>8. Assessorament per expert extern<\/p>\n<p>[\/et_pb_text][\/et_pb_column][\/et_pb_row][\/et_pb_section]<\/p>\n","protected":false},"excerpt":{"rendered":"<p>Model de Prevenci\u00f3 de Delictes (MPD) &nbsp; ARAGOGAMMA, S.L. d\u00f3na a con\u00e8ixer el seu Model de Prevenci\u00f3 de Delictes (MPD) que s\u2019ajusta a les exig\u00e8ncies legals en mat\u00e8ria de responsabilitat penal corporativa, l\u2019objectiu del qual \u00e9s prevenir que la seva estructura jur\u00eddica sigui utilitzada per cometre delictes i alhora implementar un bon govern corporatiu i [&hellip;]<\/p>\n","protected":false},"author":2,"featured_media":0,"parent":0,"menu_order":0,"comment_status":"closed","ping_status":"closed","template":"","meta":{"_et_pb_use_builder":"on","_et_pb_old_content":"","_et_gb_content_width":"","footnotes":""},"class_list":["post-1241","page","type-page","status-publish","hentry"],"yoast_head":"<!-- This site is optimized with the Yoast SEO plugin v26.2 - https:\/\/yoast.com\/wordpress\/plugins\/seo\/ -->\n<title>Compliance - Aragogamma<\/title>\n<meta name=\"robots\" content=\"index, follow, max-snippet:-1, max-image-preview:large, max-video-preview:-1\" \/>\n<link rel=\"canonical\" href=\"https:\/\/aragogamma.com\/ca\/compliance\/\" \/>\n<meta property=\"og:locale\" content=\"ca_ES\" \/>\n<meta property=\"og:type\" content=\"article\" \/>\n<meta property=\"og:title\" content=\"Compliance - Aragogamma\" \/>\n<meta property=\"og:description\" content=\"Model de Prevenci\u00f3 de Delictes (MPD) &nbsp; ARAGOGAMMA, S.L. d\u00f3na a con\u00e8ixer el seu Model de Prevenci\u00f3 de Delictes (MPD) que s\u2019ajusta a les exig\u00e8ncies legals en mat\u00e8ria de responsabilitat penal corporativa, l\u2019objectiu del qual \u00e9s prevenir que la seva estructura jur\u00eddica sigui utilitzada per cometre delictes i alhora implementar un bon govern corporatiu i [&hellip;]\" \/>\n<meta property=\"og:url\" content=\"https:\/\/aragogamma.com\/ca\/compliance\/\" \/>\n<meta property=\"og:site_name\" content=\"Aragogamma\" \/>\n<meta property=\"article:modified_time\" content=\"2023-10-02T12:46:42+00:00\" \/>\n<meta name=\"twitter:card\" content=\"summary_large_image\" \/>\n<meta name=\"twitter:label1\" content=\"Temps estimat de lectura\" \/>\n\t<meta name=\"twitter:data1\" content=\"2 minuts\" \/>\n<script type=\"application\/ld+json\" class=\"yoast-schema-graph\">{\"@context\":\"https:\/\/schema.org\",\"@graph\":[{\"@type\":\"WebPage\",\"@id\":\"https:\/\/aragogamma.com\/ca\/compliance\/\",\"url\":\"https:\/\/aragogamma.com\/ca\/compliance\/\",\"name\":\"Compliance - Aragogamma\",\"isPartOf\":{\"@id\":\"https:\/\/aragogamma.com\/#website\"},\"datePublished\":\"2023-09-15T10:26:47+00:00\",\"dateModified\":\"2023-10-02T12:46:42+00:00\",\"breadcrumb\":{\"@id\":\"https:\/\/aragogamma.com\/ca\/compliance\/#breadcrumb\"},\"inLanguage\":\"ca\",\"potentialAction\":[{\"@type\":\"ReadAction\",\"target\":[\"https:\/\/aragogamma.com\/ca\/compliance\/\"]}]},{\"@type\":\"BreadcrumbList\",\"@id\":\"https:\/\/aragogamma.com\/ca\/compliance\/#breadcrumb\",\"itemListElement\":[{\"@type\":\"ListItem\",\"position\":1,\"name\":\"Portada\",\"item\":\"https:\/\/aragogamma.com\/\"},{\"@type\":\"ListItem\",\"position\":2,\"name\":\"Compliance\"}]},{\"@type\":\"WebSite\",\"@id\":\"https:\/\/aragogamma.com\/#website\",\"url\":\"https:\/\/aragogamma.com\/\",\"name\":\"Aragogamma\",\"description\":\"Irradiamos confianza desde 1970\",\"publisher\":{\"@id\":\"https:\/\/aragogamma.com\/#organization\"},\"potentialAction\":[{\"@type\":\"SearchAction\",\"target\":{\"@type\":\"EntryPoint\",\"urlTemplate\":\"https:\/\/aragogamma.com\/?s={search_term_string}\"},\"query-input\":{\"@type\":\"PropertyValueSpecification\",\"valueRequired\":true,\"valueName\":\"search_term_string\"}}],\"inLanguage\":\"ca\"},{\"@type\":\"Organization\",\"@id\":\"https:\/\/aragogamma.com\/#organization\",\"name\":\"Aragogamma\",\"url\":\"https:\/\/aragogamma.com\/\",\"logo\":{\"@type\":\"ImageObject\",\"inLanguage\":\"ca\",\"@id\":\"https:\/\/aragogamma.com\/#\/schema\/logo\/image\/\",\"url\":\"https:\/\/aragogamma.com\/wp\/wp-content\/uploads\/2023\/09\/logo-aragogamma-home-510x113-1.jpg\",\"contentUrl\":\"https:\/\/aragogamma.com\/wp\/wp-content\/uploads\/2023\/09\/logo-aragogamma-home-510x113-1.jpg\",\"width\":510,\"height\":113,\"caption\":\"Aragogamma\"},\"image\":{\"@id\":\"https:\/\/aragogamma.com\/#\/schema\/logo\/image\/\"}}]}<\/script>\n<!-- \/ Yoast SEO plugin. -->","yoast_head_json":{"title":"Compliance - Aragogamma","robots":{"index":"index","follow":"follow","max-snippet":"max-snippet:-1","max-image-preview":"max-image-preview:large","max-video-preview":"max-video-preview:-1"},"canonical":"https:\/\/aragogamma.com\/ca\/compliance\/","og_locale":"ca_ES","og_type":"article","og_title":"Compliance - Aragogamma","og_description":"Model de Prevenci\u00f3 de Delictes (MPD) &nbsp; ARAGOGAMMA, S.L. d\u00f3na a con\u00e8ixer el seu Model de Prevenci\u00f3 de Delictes (MPD) que s\u2019ajusta a les exig\u00e8ncies legals en mat\u00e8ria de responsabilitat penal corporativa, l\u2019objectiu del qual \u00e9s prevenir que la seva estructura jur\u00eddica sigui utilitzada per cometre delictes i alhora implementar un bon govern corporatiu i [&hellip;]","og_url":"https:\/\/aragogamma.com\/ca\/compliance\/","og_site_name":"Aragogamma","article_modified_time":"2023-10-02T12:46:42+00:00","twitter_card":"summary_large_image","twitter_misc":{"Temps estimat de lectura":"2 minuts"},"schema":{"@context":"https:\/\/schema.org","@graph":[{"@type":"WebPage","@id":"https:\/\/aragogamma.com\/ca\/compliance\/","url":"https:\/\/aragogamma.com\/ca\/compliance\/","name":"Compliance - Aragogamma","isPartOf":{"@id":"https:\/\/aragogamma.com\/#website"},"datePublished":"2023-09-15T10:26:47+00:00","dateModified":"2023-10-02T12:46:42+00:00","breadcrumb":{"@id":"https:\/\/aragogamma.com\/ca\/compliance\/#breadcrumb"},"inLanguage":"ca","potentialAction":[{"@type":"ReadAction","target":["https:\/\/aragogamma.com\/ca\/compliance\/"]}]},{"@type":"BreadcrumbList","@id":"https:\/\/aragogamma.com\/ca\/compliance\/#breadcrumb","itemListElement":[{"@type":"ListItem","position":1,"name":"Portada","item":"https:\/\/aragogamma.com\/"},{"@type":"ListItem","position":2,"name":"Compliance"}]},{"@type":"WebSite","@id":"https:\/\/aragogamma.com\/#website","url":"https:\/\/aragogamma.com\/","name":"Aragogamma","description":"Irradiamos confianza desde 1970","publisher":{"@id":"https:\/\/aragogamma.com\/#organization"},"potentialAction":[{"@type":"SearchAction","target":{"@type":"EntryPoint","urlTemplate":"https:\/\/aragogamma.com\/?s={search_term_string}"},"query-input":{"@type":"PropertyValueSpecification","valueRequired":true,"valueName":"search_term_string"}}],"inLanguage":"ca"},{"@type":"Organization","@id":"https:\/\/aragogamma.com\/#organization","name":"Aragogamma","url":"https:\/\/aragogamma.com\/","logo":{"@type":"ImageObject","inLanguage":"ca","@id":"https:\/\/aragogamma.com\/#\/schema\/logo\/image\/","url":"https:\/\/aragogamma.com\/wp\/wp-content\/uploads\/2023\/09\/logo-aragogamma-home-510x113-1.jpg","contentUrl":"https:\/\/aragogamma.com\/wp\/wp-content\/uploads\/2023\/09\/logo-aragogamma-home-510x113-1.jpg","width":510,"height":113,"caption":"Aragogamma"},"image":{"@id":"https:\/\/aragogamma.com\/#\/schema\/logo\/image\/"}}]}},"_links":{"self":[{"href":"https:\/\/aragogamma.com\/ca\/wp-json\/wp\/v2\/pages\/1241","targetHints":{"allow":["GET"]}}],"collection":[{"href":"https:\/\/aragogamma.com\/ca\/wp-json\/wp\/v2\/pages"}],"about":[{"href":"https:\/\/aragogamma.com\/ca\/wp-json\/wp\/v2\/types\/page"}],"author":[{"embeddable":true,"href":"https:\/\/aragogamma.com\/ca\/wp-json\/wp\/v2\/users\/2"}],"replies":[{"embeddable":true,"href":"https:\/\/aragogamma.com\/ca\/wp-json\/wp\/v2\/comments?post=1241"}],"version-history":[{"count":3,"href":"https:\/\/aragogamma.com\/ca\/wp-json\/wp\/v2\/pages\/1241\/revisions"}],"predecessor-version":[{"id":1395,"href":"https:\/\/aragogamma.com\/ca\/wp-json\/wp\/v2\/pages\/1241\/revisions\/1395"}],"wp:attachment":[{"href":"https:\/\/aragogamma.com\/ca\/wp-json\/wp\/v2\/media?parent=1241"}],"curies":[{"name":"wp","href":"https:\/\/api.w.org\/{rel}","templated":true}]}}