{"id":1243,"date":"2023-08-05T08:33:56","date_gmt":"2023-08-05T08:33:56","guid":{"rendered":"https:\/\/aragogamma.com\/wp\/contacto\/"},"modified":"2024-07-09T06:51:23","modified_gmt":"2024-07-09T06:51:23","slug":"contacte","status":"publish","type":"page","link":"https:\/\/aragogamma.com\/ca\/contacte\/","title":{"rendered":"Contacte"},"content":{"rendered":"<p>[et_pb_section fb_built=&#8221;1&#8243; _builder_version=&#8221;4.21.2&#8243; _module_preset=&#8221;default&#8221; background_image=&#8221;http:\/\/aragogamma.com\/wp\/wp-content\/uploads\/2023\/08\/contacto-1480&#215;9879-1.jpg&#8221; global_colors_info=&#8221;{}&#8221;][et_pb_row _builder_version=&#8221;4.21.2&#8243; _module_preset=&#8221;default&#8221; global_colors_info=&#8221;{}&#8221;][et_pb_column type=&#8221;4_4&#8243; _builder_version=&#8221;4.21.2&#8243; _module_preset=&#8221;default&#8221; global_colors_info=&#8221;{}&#8221;][et_pb_text _builder_version=&#8221;4.21.2&#8243; _module_preset=&#8221;default&#8221; header_text_color=&#8221;#FFFFFF&#8221; global_colors_info=&#8221;{}&#8221;]<\/p>\n<h1 style=\"text-align: center;\">Irradiem confian\u00e7a<br \/>\ndes de 1970<\/h1>\n<p>[\/et_pb_text][\/et_pb_column][\/et_pb_row][\/et_pb_section][et_pb_section fb_built=&#8221;1&#8243; _builder_version=&#8221;4.21.2&#8243; _module_preset=&#8221;default&#8221; global_colors_info=&#8221;{}&#8221;][et_pb_row _builder_version=&#8221;4.21.2&#8243; _module_preset=&#8221;default&#8221; global_colors_info=&#8221;{}&#8221;][et_pb_column type=&#8221;4_4&#8243; _builder_version=&#8221;4.21.2&#8243; _module_preset=&#8221;default&#8221; global_colors_info=&#8221;{}&#8221;][et_pb_text _builder_version=&#8221;4.21.2&#8243; _module_preset=&#8221;default&#8221; global_colors_info=&#8221;{}&#8221;]<\/p>\n<h2 style=\"text-align: center;\">Empla\u00e7ament<\/h2>\n<div style=\"text-align: center;\">La instal\u00b7laci\u00f3 situada a 40 km de Barcelona, en la Ctra. De Granollers a Cardedeu (C-251 km 3,5), en el terme municipal dels Franqueses del Vall\u00e9s (08520), a 4 km de l&#8217;autopista AP-7 (E15), la qual cosa li atorga una situaci\u00f3 de privilegi des del punt de vista log\u00edstic. El domicili fiscal est\u00e0 situat a la ciutat de Barcelona, al carrer Salvador Mundi, n\u00fam. 11.<\/div>\n<p>[\/et_pb_text][\/et_pb_column][\/et_pb_row][et_pb_row column_structure=&#8221;1_2,1_2&#8243; _builder_version=&#8221;4.21.2&#8243; _module_preset=&#8221;default&#8221; global_colors_info=&#8221;{}&#8221;][et_pb_column type=&#8221;1_2&#8243; _builder_version=&#8221;4.21.2&#8243; _module_preset=&#8221;default&#8221; global_colors_info=&#8221;{}&#8221;][et_pb_code _builder_version=&#8221;4.21.2&#8243; _module_preset=&#8221;default&#8221; global_colors_info=&#8221;{}&#8221;]<iframe loading=\"lazy\" width=\"100%\" height=\"300\" frameborder=\"0\" scrolling=\"no\" marginheight=\"0\" marginwidth=\"0\" src=\"https:\/\/maps.google.com\/maps?width=100%25&#038;height=600&#038;hl=en&#038;q=Aragogamma%20SL+(Aragogamma%20SL)&#038;t=&#038;z=14&#038;ie=UTF8&#038;iwloc=B&#038;output=embed\"><\/iframe>[\/et_pb_code][\/et_pb_column][et_pb_column type=&#8221;1_2&#8243; _builder_version=&#8221;4.21.2&#8243; _module_preset=&#8221;default&#8221; global_colors_info=&#8221;{}&#8221;][et_pb_text _builder_version=&#8221;4.21.2&#8243; _module_preset=&#8221;default&#8221; text_font_size=&#8221;17px&#8221; header_3_font_size=&#8221;21px&#8221; global_colors_info=&#8221;{}&#8221;]<\/p>\n<h3>Direccions Postals<\/h3>\n<p>Crta. de Granollers-Cardedeu, (C-251 km 3,5)<br \/>08520 Les Franqueses del Vall\u00e9s<br \/>Barcelona<br \/>+34 93 849 66 39<\/p>\n<p>Oficines: Salvador Mundi, 11<br \/>08017 Barcelona<br \/>+34 93 <span>204 22 12<\/span><\/p>\n<p><a href=\"mailto:info@aragogamma.com\">info@aragogamma.com<\/a><\/p>\n<p>[\/et_pb_text][\/et_pb_column][\/et_pb_row][\/et_pb_section]<\/p>\n","protected":false},"excerpt":{"rendered":"<p>Irradiem confian\u00e7a des de 1970Empla\u00e7ament La instal\u00b7laci\u00f3 situada a 40 km de Barcelona, en la Ctra. De Granollers a Cardedeu (C-251 km 3,5), en el terme municipal dels Franqueses del Vall\u00e9s (08520), a 4 km de l&#8217;autopista AP-7 (E15), la qual cosa li atorga una situaci\u00f3 de privilegi des del punt de vista log\u00edstic. El [&hellip;]<\/p>\n","protected":false},"author":2,"featured_media":0,"parent":0,"menu_order":0,"comment_status":"closed","ping_status":"closed","template":"","meta":{"_et_pb_use_builder":"on","_et_pb_old_content":"","_et_gb_content_width":"","footnotes":""},"class_list":["post-1243","page","type-page","status-publish","hentry"],"yoast_head":"<!-- This site is optimized with the Yoast SEO plugin v26.2 - https:\/\/yoast.com\/wordpress\/plugins\/seo\/ -->\n<title>Contacte - Aragogamma<\/title>\n<meta name=\"robots\" content=\"index, follow, max-snippet:-1, max-image-preview:large, max-video-preview:-1\" \/>\n<link rel=\"canonical\" href=\"https:\/\/aragogamma.com\/ca\/contacte\/\" \/>\n<meta property=\"og:locale\" content=\"ca_ES\" \/>\n<meta property=\"og:type\" content=\"article\" \/>\n<meta property=\"og:title\" content=\"Contacte - Aragogamma\" \/>\n<meta property=\"og:description\" content=\"Irradiem confian\u00e7a des de 1970Empla\u00e7ament La instal\u00b7laci\u00f3 situada a 40 km de Barcelona, en la Ctra. De Granollers a Cardedeu (C-251 km 3,5), en el terme municipal dels Franqueses del Vall\u00e9s (08520), a 4 km de l&#039;autopista AP-7 (E15), la qual cosa li atorga una situaci\u00f3 de privilegi des del punt de vista log\u00edstic. El [&hellip;]\" \/>\n<meta property=\"og:url\" content=\"https:\/\/aragogamma.com\/ca\/contacte\/\" \/>\n<meta property=\"og:site_name\" content=\"Aragogamma\" \/>\n<meta property=\"article:modified_time\" content=\"2024-07-09T06:51:23+00:00\" \/>\n<meta name=\"twitter:card\" content=\"summary_large_image\" \/>\n<meta name=\"twitter:label1\" content=\"Temps estimat de lectura\" \/>\n\t<meta name=\"twitter:data1\" content=\"2 minuts\" \/>\n<script type=\"application\/ld+json\" class=\"yoast-schema-graph\">{\"@context\":\"https:\/\/schema.org\",\"@graph\":[{\"@type\":\"WebPage\",\"@id\":\"https:\/\/aragogamma.com\/ca\/contacte\/\",\"url\":\"https:\/\/aragogamma.com\/ca\/contacte\/\",\"name\":\"Contacte - Aragogamma\",\"isPartOf\":{\"@id\":\"https:\/\/aragogamma.com\/#website\"},\"datePublished\":\"2023-08-05T08:33:56+00:00\",\"dateModified\":\"2024-07-09T06:51:23+00:00\",\"breadcrumb\":{\"@id\":\"https:\/\/aragogamma.com\/ca\/contacte\/#breadcrumb\"},\"inLanguage\":\"ca\",\"potentialAction\":[{\"@type\":\"ReadAction\",\"target\":[\"https:\/\/aragogamma.com\/ca\/contacte\/\"]}]},{\"@type\":\"BreadcrumbList\",\"@id\":\"https:\/\/aragogamma.com\/ca\/contacte\/#breadcrumb\",\"itemListElement\":[{\"@type\":\"ListItem\",\"position\":1,\"name\":\"Portada\",\"item\":\"https:\/\/aragogamma.com\/\"},{\"@type\":\"ListItem\",\"position\":2,\"name\":\"Contacte\"}]},{\"@type\":\"WebSite\",\"@id\":\"https:\/\/aragogamma.com\/#website\",\"url\":\"https:\/\/aragogamma.com\/\",\"name\":\"Aragogamma\",\"description\":\"Irradiamos confianza desde 1970\",\"publisher\":{\"@id\":\"https:\/\/aragogamma.com\/#organization\"},\"potentialAction\":[{\"@type\":\"SearchAction\",\"target\":{\"@type\":\"EntryPoint\",\"urlTemplate\":\"https:\/\/aragogamma.com\/?s={search_term_string}\"},\"query-input\":{\"@type\":\"PropertyValueSpecification\",\"valueRequired\":true,\"valueName\":\"search_term_string\"}}],\"inLanguage\":\"ca\"},{\"@type\":\"Organization\",\"@id\":\"https:\/\/aragogamma.com\/#organization\",\"name\":\"Aragogamma\",\"url\":\"https:\/\/aragogamma.com\/\",\"logo\":{\"@type\":\"ImageObject\",\"inLanguage\":\"ca\",\"@id\":\"https:\/\/aragogamma.com\/#\/schema\/logo\/image\/\",\"url\":\"https:\/\/aragogamma.com\/wp\/wp-content\/uploads\/2023\/09\/logo-aragogamma-home-510x113-1.jpg\",\"contentUrl\":\"https:\/\/aragogamma.com\/wp\/wp-content\/uploads\/2023\/09\/logo-aragogamma-home-510x113-1.jpg\",\"width\":510,\"height\":113,\"caption\":\"Aragogamma\"},\"image\":{\"@id\":\"https:\/\/aragogamma.com\/#\/schema\/logo\/image\/\"}}]}<\/script>\n<!-- \/ Yoast SEO plugin. -->","yoast_head_json":{"title":"Contacte - Aragogamma","robots":{"index":"index","follow":"follow","max-snippet":"max-snippet:-1","max-image-preview":"max-image-preview:large","max-video-preview":"max-video-preview:-1"},"canonical":"https:\/\/aragogamma.com\/ca\/contacte\/","og_locale":"ca_ES","og_type":"article","og_title":"Contacte - Aragogamma","og_description":"Irradiem confian\u00e7a des de 1970Empla\u00e7ament La instal\u00b7laci\u00f3 situada a 40 km de Barcelona, en la Ctra. De Granollers a Cardedeu (C-251 km 3,5), en el terme municipal dels Franqueses del Vall\u00e9s (08520), a 4 km de l'autopista AP-7 (E15), la qual cosa li atorga una situaci\u00f3 de privilegi des del punt de vista log\u00edstic. El [&hellip;]","og_url":"https:\/\/aragogamma.com\/ca\/contacte\/","og_site_name":"Aragogamma","article_modified_time":"2024-07-09T06:51:23+00:00","twitter_card":"summary_large_image","twitter_misc":{"Temps estimat de lectura":"2 minuts"},"schema":{"@context":"https:\/\/schema.org","@graph":[{"@type":"WebPage","@id":"https:\/\/aragogamma.com\/ca\/contacte\/","url":"https:\/\/aragogamma.com\/ca\/contacte\/","name":"Contacte - Aragogamma","isPartOf":{"@id":"https:\/\/aragogamma.com\/#website"},"datePublished":"2023-08-05T08:33:56+00:00","dateModified":"2024-07-09T06:51:23+00:00","breadcrumb":{"@id":"https:\/\/aragogamma.com\/ca\/contacte\/#breadcrumb"},"inLanguage":"ca","potentialAction":[{"@type":"ReadAction","target":["https:\/\/aragogamma.com\/ca\/contacte\/"]}]},{"@type":"BreadcrumbList","@id":"https:\/\/aragogamma.com\/ca\/contacte\/#breadcrumb","itemListElement":[{"@type":"ListItem","position":1,"name":"Portada","item":"https:\/\/aragogamma.com\/"},{"@type":"ListItem","position":2,"name":"Contacte"}]},{"@type":"WebSite","@id":"https:\/\/aragogamma.com\/#website","url":"https:\/\/aragogamma.com\/","name":"Aragogamma","description":"Irradiamos confianza desde 1970","publisher":{"@id":"https:\/\/aragogamma.com\/#organization"},"potentialAction":[{"@type":"SearchAction","target":{"@type":"EntryPoint","urlTemplate":"https:\/\/aragogamma.com\/?s={search_term_string}"},"query-input":{"@type":"PropertyValueSpecification","valueRequired":true,"valueName":"search_term_string"}}],"inLanguage":"ca"},{"@type":"Organization","@id":"https:\/\/aragogamma.com\/#organization","name":"Aragogamma","url":"https:\/\/aragogamma.com\/","logo":{"@type":"ImageObject","inLanguage":"ca","@id":"https:\/\/aragogamma.com\/#\/schema\/logo\/image\/","url":"https:\/\/aragogamma.com\/wp\/wp-content\/uploads\/2023\/09\/logo-aragogamma-home-510x113-1.jpg","contentUrl":"https:\/\/aragogamma.com\/wp\/wp-content\/uploads\/2023\/09\/logo-aragogamma-home-510x113-1.jpg","width":510,"height":113,"caption":"Aragogamma"},"image":{"@id":"https:\/\/aragogamma.com\/#\/schema\/logo\/image\/"}}]}},"_links":{"self":[{"href":"https:\/\/aragogamma.com\/ca\/wp-json\/wp\/v2\/pages\/1243","targetHints":{"allow":["GET"]}}],"collection":[{"href":"https:\/\/aragogamma.com\/ca\/wp-json\/wp\/v2\/pages"}],"about":[{"href":"https:\/\/aragogamma.com\/ca\/wp-json\/wp\/v2\/types\/page"}],"author":[{"embeddable":true,"href":"https:\/\/aragogamma.com\/ca\/wp-json\/wp\/v2\/users\/2"}],"replies":[{"embeddable":true,"href":"https:\/\/aragogamma.com\/ca\/wp-json\/wp\/v2\/comments?post=1243"}],"version-history":[{"count":3,"href":"https:\/\/aragogamma.com\/ca\/wp-json\/wp\/v2\/pages\/1243\/revisions"}],"predecessor-version":[{"id":1666,"href":"https:\/\/aragogamma.com\/ca\/wp-json\/wp\/v2\/pages\/1243\/revisions\/1666"}],"wp:attachment":[{"href":"https:\/\/aragogamma.com\/ca\/wp-json\/wp\/v2\/media?parent=1243"}],"curies":[{"name":"wp","href":"https:\/\/api.w.org\/{rel}","templated":true}]}}