{"id":1259,"date":"2023-09-15T10:32:02","date_gmt":"2023-09-15T10:32:02","guid":{"rendered":"https:\/\/aragogamma.com\/wp\/politica-calidad-medioambiente\/"},"modified":"2026-03-11T19:13:37","modified_gmt":"2026-03-11T19:13:37","slug":"politica-qualitat","status":"publish","type":"page","link":"https:\/\/aragogamma.com\/ca\/politica-qualitat\/","title":{"rendered":"Pol\u00edtica de Qualitat"},"content":{"rendered":"<p>[et_pb_section fb_built=&#8221;1&#8243; _builder_version=&#8221;4.21.2&#8243; _module_preset=&#8221;default&#8221; global_colors_info=&#8221;{}&#8221;][et_pb_row _builder_version=&#8221;4.21.2&#8243; _module_preset=&#8221;default&#8221; global_colors_info=&#8221;{}&#8221;][et_pb_column type=&#8221;4_4&#8243; _builder_version=&#8221;4.21.2&#8243; _module_preset=&#8221;default&#8221; global_colors_info=&#8221;{}&#8221;][et_pb_text _builder_version=&#8221;4.26.0&#8243; _module_preset=&#8221;default&#8221; hover_enabled=&#8221;0&#8243; global_colors_info=&#8221;{}&#8221; sticky_enabled=&#8221;0&#8243;]<\/p>\n<h1>Pol\u00edtica de qualitat<\/h1>\n<p data-start=\"208\" data-end=\"634\">El Comprom\u00eds d\u2019Aragogamma S.L. \u00e9s el tractament per radiacions ionitzants de Cobalt-60, d\u2019acord amb la norma ISO 11137, de productes sanitaris, farmac\u00e8utics, cosm\u00e8tics i alimentaris sota els est\u00e0ndards de qualitat m\u00e9s alts que satisfacin els requisits dels nostres clients, aix\u00ed com els requisits legals i reglamentaris aplicables, mitjan\u00e7ant la millora cont\u00ednua de l\u2019efic\u00e0cia del Sistema de Gesti\u00f3 de la Qualitat implementat.<\/p>\n<p data-start=\"636\" data-end=\"824\">A m\u00e9s, Aragogamma S.L. est\u00e0 compromesa amb el respecte al medi ambient, minimitzant l\u2019impacte ambiental de les seves activitats mitjan\u00e7ant un \u00fas sostenible dels recursos de l\u2019organitzaci\u00f3.<\/p>\n<p data-start=\"826\" data-end=\"897\">Aragogamma S.L. est\u00e0 certificada d\u2019acord amb les normes internacionals:<\/p>\n<ul data-start=\"899\" data-end=\"1078\">\n<li data-section-id=\"10uh7m1\" data-start=\"899\" data-end=\"983\">\n<p data-start=\"901\" data-end=\"983\"><strong data-start=\"901\" data-end=\"926\">UNE EN ISO 13485:2018<\/strong> Productes Sanitaris. Sistemes de Gesti\u00f3 de la Qualitat<\/p>\n<\/li>\n<li data-section-id=\"1gn3fog\" data-start=\"984\" data-end=\"1078\">\n<p data-start=\"986\" data-end=\"1078\"><strong data-start=\"986\" data-end=\"1002\">NCF (GMP\u2019s):<\/strong> Normes de Correcta Fabricaci\u00f3 de Medicaments per a \u00fas hum\u00e0 i \u00fas veterinari.<\/p>\n<\/li>\n<\/ul>\n<p data-start=\"1080\" data-end=\"1416\">Aix\u00ed mateix, compleix les directrius del <strong data-start=\"1121\" data-end=\"1159\">Consell de Seguretat Nuclear (CSN)<\/strong>, disposa de l\u2019autoritzaci\u00f3 d\u2019irradiaci\u00f3 de condiments i esp\u00e8cies vegetals d\u2019acord amb l\u2019autoritzaci\u00f3 del <strong data-start=\"1265\" data-end=\"1345\">RSIPAC \u2013 Registre Sanitari d\u2019Ind\u00fastries i Productes Alimentaris de Catalunya<\/strong>, i est\u00e0 registrada a la <strong data-start=\"1370\" data-end=\"1377\">FDA<\/strong> per a Producte Sanitari i Medicaments.<\/p>\n<p data-start=\"1418\" data-end=\"1692\">El comprom\u00eds d\u2019Aragogamma S.L. <strong data-start=\"1449\" data-end=\"1465\">va m\u00e9s enll\u00e0<\/strong> de l\u2019adhesi\u00f3 a les normes reconegudes internacionalment i s\u2019est\u00e9n a tota l\u2019empresa, ja que compta amb personal altament capacitat i conscient en tot moment de la import\u00e0ncia i de l\u2019impacte del proc\u00e9s en els productes tractats.<\/p>\n<p data-start=\"1694\" data-end=\"1884\">\u00c9s responsabilitat de l\u2019Alta Direcci\u00f3 d\u2019Aragogamma S.L. aconseguir els objectius seg\u00fcents, nom\u00e9s possibles pel comprom\u00eds i la participaci\u00f3 del personal de l\u2019organitzaci\u00f3, a tots els nivells:<\/p>\n<ul data-start=\"1886\" data-end=\"2863\">\n<li data-section-id=\"1taug85\" data-start=\"1886\" data-end=\"1999\">\n<p data-start=\"1888\" data-end=\"1999\">La protecci\u00f3 de la salut i el benestar dels treballadors per a la prevenci\u00f3 d\u2019accidents i malalties laborals.<\/p>\n<\/li>\n<li data-section-id=\"rv79bg\" data-start=\"2000\" data-end=\"2100\">\n<p data-start=\"2002\" data-end=\"2100\">La difusi\u00f3 de la Prevenci\u00f3 de Riscos Laborals a tots els nivells i activitats de l\u2019organitzaci\u00f3.<\/p>\n<\/li>\n<li data-section-id=\"tc75wx\" data-start=\"2101\" data-end=\"2231\">\n<p data-start=\"2103\" data-end=\"2231\">La cooperaci\u00f3 amb les entitats p\u00fabliques, administracions i altres parts interessades en actuacions ambientals i de seguretat.<\/p>\n<\/li>\n<li data-section-id=\"6mbcgq\" data-start=\"2232\" data-end=\"2284\">\n<p data-start=\"2234\" data-end=\"2284\">La selecci\u00f3 i control de prove\u00efdors de qualitat.<\/p>\n<\/li>\n<li data-section-id=\"1kobtb8\" data-start=\"2285\" data-end=\"2344\">\n<p data-start=\"2287\" data-end=\"2344\">La gesti\u00f3 per processos de les activitats de l\u2019empresa.<\/p>\n<\/li>\n<li data-section-id=\"1r4qxwv\" data-start=\"2345\" data-end=\"2459\">\n<p data-start=\"2347\" data-end=\"2459\">El seguiment continu de la retroalimentaci\u00f3 del client com una eina b\u00e0sica per a la millora del nostre servei.<\/p>\n<\/li>\n<li data-section-id=\"1etuthu\" data-start=\"2460\" data-end=\"2727\">\n<p data-start=\"2462\" data-end=\"2727\">Mantenir una gesti\u00f3 correcta de les dades dins del Sistema de Gesti\u00f3 de la Qualitat i les bones pr\u00e0ctiques de la documentaci\u00f3, que garanteixi la integritat d\u2019aquestes al llarg del seu cicle de vida, independentment del format i mitj\u00e0 en qu\u00e8 hagin estat generades.<\/p>\n<\/li>\n<li data-section-id=\"1ijo2qe\" data-start=\"2728\" data-end=\"2863\">\n<p data-start=\"2730\" data-end=\"2863\">Un programa de formaci\u00f3 continu a tot el personal de l\u2019empresa, i garantir que aquesta pol\u00edtica sigui entesa, executada i mantinguda.<\/p>\n<\/li>\n<\/ul>\n<p data-start=\"2865\" data-end=\"3019\">Tot el personal de l\u2019organitzaci\u00f3 mant\u00e9 una conducta respectuosa tant amb les normes com amb els valors \u00e8tics, definits a la Pol\u00edtica de Compliance Penal.<\/p>\n<p data-start=\"3021\" data-end=\"3351\">La Direcci\u00f3 de l\u2019empresa estableix objectius de qualitat mesurables i coherents amb la pol\u00edtica de qualitat, incloent-hi aquells que s\u00f3n necessaris per complir els requisits de tractament dels productes que, juntament amb aquesta pol\u00edtica, s\u00f3n revisats i analitzats peri\u00f2dicament a la Revisi\u00f3 del Sistema de Gesti\u00f3 de la Qualitat.<\/p>\n<p data-start=\"3353\" data-end=\"3390\"><strong data-start=\"3353\" data-end=\"3390\">Barcelona, 18 de desembre de 2025<\/strong><\/p>\n<p>Xavier Arag\u00f3 Fonts<br \/><strong>Director General Aragogamma S.L.<\/strong><\/p>\n<p>[\/et_pb_text][\/et_pb_column][\/et_pb_row][\/et_pb_section]<\/p>\n","protected":false},"excerpt":{"rendered":"<p>Pol\u00edtica de qualitat El Comprom\u00eds d\u2019Aragogamma S.L. \u00e9s el tractament per radiacions ionitzants de Cobalt-60, d\u2019acord amb la norma ISO 11137, de productes sanitaris, farmac\u00e8utics, cosm\u00e8tics i alimentaris sota els est\u00e0ndards de qualitat m\u00e9s alts que satisfacin els requisits dels nostres clients, aix\u00ed com els requisits legals i reglamentaris aplicables, mitjan\u00e7ant la millora cont\u00ednua de [&hellip;]<\/p>\n","protected":false},"author":2,"featured_media":0,"parent":0,"menu_order":0,"comment_status":"closed","ping_status":"closed","template":"","meta":{"_et_pb_use_builder":"on","_et_pb_old_content":"","_et_gb_content_width":"","footnotes":""},"class_list":["post-1259","page","type-page","status-publish","hentry"],"yoast_head":"<!-- This site is optimized with the Yoast SEO plugin v26.2 - https:\/\/yoast.com\/wordpress\/plugins\/seo\/ -->\n<title>Pol\u00edtica de Qualitat - Aragogamma<\/title>\n<meta name=\"robots\" content=\"index, follow, max-snippet:-1, max-image-preview:large, max-video-preview:-1\" \/>\n<link rel=\"canonical\" href=\"https:\/\/aragogamma.com\/ca\/politica-qualitat\/\" \/>\n<meta property=\"og:locale\" content=\"ca_ES\" \/>\n<meta property=\"og:type\" content=\"article\" \/>\n<meta property=\"og:title\" content=\"Pol\u00edtica de Qualitat - Aragogamma\" \/>\n<meta property=\"og:description\" content=\"Pol\u00edtica de qualitat El Comprom\u00eds d\u2019Aragogamma S.L. \u00e9s el tractament per radiacions ionitzants de Cobalt-60, d\u2019acord amb la norma ISO 11137, de productes sanitaris, farmac\u00e8utics, cosm\u00e8tics i alimentaris sota els est\u00e0ndards de qualitat m\u00e9s alts que satisfacin els requisits dels nostres clients, aix\u00ed com els requisits legals i reglamentaris aplicables, mitjan\u00e7ant la millora cont\u00ednua de [&hellip;]\" \/>\n<meta property=\"og:url\" content=\"https:\/\/aragogamma.com\/ca\/politica-qualitat\/\" \/>\n<meta property=\"og:site_name\" content=\"Aragogamma\" \/>\n<meta property=\"article:modified_time\" content=\"2026-03-11T19:13:37+00:00\" \/>\n<meta name=\"twitter:card\" content=\"summary_large_image\" \/>\n<meta name=\"twitter:label1\" content=\"Temps estimat de lectura\" \/>\n\t<meta name=\"twitter:data1\" content=\"3 minuts\" \/>\n<script type=\"application\/ld+json\" class=\"yoast-schema-graph\">{\"@context\":\"https:\/\/schema.org\",\"@graph\":[{\"@type\":\"WebPage\",\"@id\":\"https:\/\/aragogamma.com\/ca\/politica-qualitat\/\",\"url\":\"https:\/\/aragogamma.com\/ca\/politica-qualitat\/\",\"name\":\"Pol\u00edtica de Qualitat - Aragogamma\",\"isPartOf\":{\"@id\":\"https:\/\/aragogamma.com\/#website\"},\"datePublished\":\"2023-09-15T10:32:02+00:00\",\"dateModified\":\"2026-03-11T19:13:37+00:00\",\"breadcrumb\":{\"@id\":\"https:\/\/aragogamma.com\/ca\/politica-qualitat\/#breadcrumb\"},\"inLanguage\":\"ca\",\"potentialAction\":[{\"@type\":\"ReadAction\",\"target\":[\"https:\/\/aragogamma.com\/ca\/politica-qualitat\/\"]}]},{\"@type\":\"BreadcrumbList\",\"@id\":\"https:\/\/aragogamma.com\/ca\/politica-qualitat\/#breadcrumb\",\"itemListElement\":[{\"@type\":\"ListItem\",\"position\":1,\"name\":\"Portada\",\"item\":\"https:\/\/aragogamma.com\/\"},{\"@type\":\"ListItem\",\"position\":2,\"name\":\"Pol\u00edtica de Qualitat\"}]},{\"@type\":\"WebSite\",\"@id\":\"https:\/\/aragogamma.com\/#website\",\"url\":\"https:\/\/aragogamma.com\/\",\"name\":\"Aragogamma\",\"description\":\"Irradiamos confianza desde 1970\",\"publisher\":{\"@id\":\"https:\/\/aragogamma.com\/#organization\"},\"potentialAction\":[{\"@type\":\"SearchAction\",\"target\":{\"@type\":\"EntryPoint\",\"urlTemplate\":\"https:\/\/aragogamma.com\/?s={search_term_string}\"},\"query-input\":{\"@type\":\"PropertyValueSpecification\",\"valueRequired\":true,\"valueName\":\"search_term_string\"}}],\"inLanguage\":\"ca\"},{\"@type\":\"Organization\",\"@id\":\"https:\/\/aragogamma.com\/#organization\",\"name\":\"Aragogamma\",\"url\":\"https:\/\/aragogamma.com\/\",\"logo\":{\"@type\":\"ImageObject\",\"inLanguage\":\"ca\",\"@id\":\"https:\/\/aragogamma.com\/#\/schema\/logo\/image\/\",\"url\":\"https:\/\/aragogamma.com\/wp\/wp-content\/uploads\/2023\/09\/logo-aragogamma-home-510x113-1.jpg\",\"contentUrl\":\"https:\/\/aragogamma.com\/wp\/wp-content\/uploads\/2023\/09\/logo-aragogamma-home-510x113-1.jpg\",\"width\":510,\"height\":113,\"caption\":\"Aragogamma\"},\"image\":{\"@id\":\"https:\/\/aragogamma.com\/#\/schema\/logo\/image\/\"}}]}<\/script>\n<!-- \/ Yoast SEO plugin. -->","yoast_head_json":{"title":"Pol\u00edtica de Qualitat - Aragogamma","robots":{"index":"index","follow":"follow","max-snippet":"max-snippet:-1","max-image-preview":"max-image-preview:large","max-video-preview":"max-video-preview:-1"},"canonical":"https:\/\/aragogamma.com\/ca\/politica-qualitat\/","og_locale":"ca_ES","og_type":"article","og_title":"Pol\u00edtica de Qualitat - Aragogamma","og_description":"Pol\u00edtica de qualitat El Comprom\u00eds d\u2019Aragogamma S.L. \u00e9s el tractament per radiacions ionitzants de Cobalt-60, d\u2019acord amb la norma ISO 11137, de productes sanitaris, farmac\u00e8utics, cosm\u00e8tics i alimentaris sota els est\u00e0ndards de qualitat m\u00e9s alts que satisfacin els requisits dels nostres clients, aix\u00ed com els requisits legals i reglamentaris aplicables, mitjan\u00e7ant la millora cont\u00ednua de [&hellip;]","og_url":"https:\/\/aragogamma.com\/ca\/politica-qualitat\/","og_site_name":"Aragogamma","article_modified_time":"2026-03-11T19:13:37+00:00","twitter_card":"summary_large_image","twitter_misc":{"Temps estimat de lectura":"3 minuts"},"schema":{"@context":"https:\/\/schema.org","@graph":[{"@type":"WebPage","@id":"https:\/\/aragogamma.com\/ca\/politica-qualitat\/","url":"https:\/\/aragogamma.com\/ca\/politica-qualitat\/","name":"Pol\u00edtica de Qualitat - Aragogamma","isPartOf":{"@id":"https:\/\/aragogamma.com\/#website"},"datePublished":"2023-09-15T10:32:02+00:00","dateModified":"2026-03-11T19:13:37+00:00","breadcrumb":{"@id":"https:\/\/aragogamma.com\/ca\/politica-qualitat\/#breadcrumb"},"inLanguage":"ca","potentialAction":[{"@type":"ReadAction","target":["https:\/\/aragogamma.com\/ca\/politica-qualitat\/"]}]},{"@type":"BreadcrumbList","@id":"https:\/\/aragogamma.com\/ca\/politica-qualitat\/#breadcrumb","itemListElement":[{"@type":"ListItem","position":1,"name":"Portada","item":"https:\/\/aragogamma.com\/"},{"@type":"ListItem","position":2,"name":"Pol\u00edtica de Qualitat"}]},{"@type":"WebSite","@id":"https:\/\/aragogamma.com\/#website","url":"https:\/\/aragogamma.com\/","name":"Aragogamma","description":"Irradiamos confianza desde 1970","publisher":{"@id":"https:\/\/aragogamma.com\/#organization"},"potentialAction":[{"@type":"SearchAction","target":{"@type":"EntryPoint","urlTemplate":"https:\/\/aragogamma.com\/?s={search_term_string}"},"query-input":{"@type":"PropertyValueSpecification","valueRequired":true,"valueName":"search_term_string"}}],"inLanguage":"ca"},{"@type":"Organization","@id":"https:\/\/aragogamma.com\/#organization","name":"Aragogamma","url":"https:\/\/aragogamma.com\/","logo":{"@type":"ImageObject","inLanguage":"ca","@id":"https:\/\/aragogamma.com\/#\/schema\/logo\/image\/","url":"https:\/\/aragogamma.com\/wp\/wp-content\/uploads\/2023\/09\/logo-aragogamma-home-510x113-1.jpg","contentUrl":"https:\/\/aragogamma.com\/wp\/wp-content\/uploads\/2023\/09\/logo-aragogamma-home-510x113-1.jpg","width":510,"height":113,"caption":"Aragogamma"},"image":{"@id":"https:\/\/aragogamma.com\/#\/schema\/logo\/image\/"}}]}},"_links":{"self":[{"href":"https:\/\/aragogamma.com\/ca\/wp-json\/wp\/v2\/pages\/1259","targetHints":{"allow":["GET"]}}],"collection":[{"href":"https:\/\/aragogamma.com\/ca\/wp-json\/wp\/v2\/pages"}],"about":[{"href":"https:\/\/aragogamma.com\/ca\/wp-json\/wp\/v2\/types\/page"}],"author":[{"embeddable":true,"href":"https:\/\/aragogamma.com\/ca\/wp-json\/wp\/v2\/users\/2"}],"replies":[{"embeddable":true,"href":"https:\/\/aragogamma.com\/ca\/wp-json\/wp\/v2\/comments?post=1259"}],"version-history":[{"count":11,"href":"https:\/\/aragogamma.com\/ca\/wp-json\/wp\/v2\/pages\/1259\/revisions"}],"predecessor-version":[{"id":1682,"href":"https:\/\/aragogamma.com\/ca\/wp-json\/wp\/v2\/pages\/1259\/revisions\/1682"}],"wp:attachment":[{"href":"https:\/\/aragogamma.com\/ca\/wp-json\/wp\/v2\/media?parent=1259"}],"curies":[{"name":"wp","href":"https:\/\/api.w.org\/{rel}","templated":true}]}}