{"id":1261,"date":"2023-08-05T08:21:43","date_gmt":"2023-08-05T08:21:43","guid":{"rendered":"https:\/\/aragogamma.com\/wp\/servicios\/"},"modified":"2023-10-05T07:47:48","modified_gmt":"2023-10-05T07:47:48","slug":"serveis","status":"publish","type":"page","link":"https:\/\/aragogamma.com\/ca\/serveis\/","title":{"rendered":"Serveis"},"content":{"rendered":"<p>[et_pb_section fb_built=&#8221;1&#8243; _builder_version=&#8221;4.21.2&#8243; _module_preset=&#8221;default&#8221; background_image=&#8221;http:\/\/aragogamma.com\/wp\/wp-content\/uploads\/2023\/08\/servicios-1096&#215;49910-1.jpg&#8221; global_colors_info=&#8221;{}&#8221;][et_pb_row _builder_version=&#8221;4.21.2&#8243; _module_preset=&#8221;default&#8221; global_colors_info=&#8221;{}&#8221;][et_pb_column type=&#8221;4_4&#8243; _builder_version=&#8221;4.21.2&#8243; _module_preset=&#8221;default&#8221; global_colors_info=&#8221;{}&#8221;][et_pb_text _builder_version=&#8221;4.21.2&#8243; _module_preset=&#8221;default&#8221; header_text_color=&#8221;#FFFFFF&#8221; global_colors_info=&#8221;{}&#8221;]<\/p>\n<h1 style=\"text-align: center;\">Irradiem confian\u00e7a<br \/>\ndes de 1970<\/h1>\n<p>[\/et_pb_text][\/et_pb_column][\/et_pb_row][\/et_pb_section][et_pb_section fb_built=&#8221;1&#8243; _builder_version=&#8221;4.21.2&#8243; _module_preset=&#8221;default&#8221; global_colors_info=&#8221;{}&#8221;][et_pb_row _builder_version=&#8221;4.21.2&#8243; _module_preset=&#8221;default&#8221; global_colors_info=&#8221;{}&#8221;][et_pb_column type=&#8221;4_4&#8243; _builder_version=&#8221;4.21.2&#8243; _module_preset=&#8221;default&#8221; global_colors_info=&#8221;{}&#8221;][et_pb_text _builder_version=&#8221;4.21.2&#8243; _module_preset=&#8221;default&#8221; global_colors_info=&#8221;{}&#8221;]<\/p>\n<h2 class=\"align-center pb-3 mbr-fonts-style display-2\" style=\"text-align: center;\">M\u00faltiples aplicacions<\/h2>\n<div style=\"text-align: center;\">\n<p>El tractament per raigs gamma permet modificar les propietats f\u00edsiques, qu\u00edmiques i\/o biol\u00f2giques dels materials irradiats, fins i tot en el seu env\u00e0s final, gr\u00e0cies a la gran capacitat de penetraci\u00f3 dels fotons. \u00c9s compatible amb nombrosos materials, no produeix residus del proc\u00e9s i no indueix radioactivitat.<\/p>\n<p>&nbsp;<\/p>\n<p>&nbsp;<\/p>\n<h2 class=\"align-center pb-3 mbr-fonts-style display-2\" style=\"text-align: center;\">Seguretat en els productes<\/h2>\n<div style=\"text-align: center;\">Una de les aplicacions m\u00e9s desenvolupades \u00e9s la utilitzaci\u00f3 d&#8217;aquesta tecnologia per al proc\u00e9s d&#8217;esterilitzaci\u00f3. La irradiaci\u00f3 gamma \u00e9s un medi f\u00edsic de descontaminaci\u00f3 &#8211; esterilitzaci\u00f3, ja que mata els bacteris en descompondre l&#8217;ADN bacteri\u00e0, la qual cosa inhibeix la divisi\u00f3 bacteriana. Els raigs gamma, emesos des de Cobalt-60, s\u00f3n energia pura, similar en molts sentits a les microones i els raigs X. Els raigs gamma administrats durant l&#8217;esterilitzaci\u00f3 per radiaci\u00f3 destrueixen els enlla\u00e7os qu\u00edmics en interactuar amb els electrons dels components at\u00f2mics. Encara que els raigs gamma s\u00f3n altament efectius per a matar microorganismes, no creen residus, ni tenen suficient energia per a induir radioactivitat.<\/div>\n<\/div>\n<p>[\/et_pb_text][\/et_pb_column][\/et_pb_row][\/et_pb_section][et_pb_section fb_built=&#8221;1&#8243; _builder_version=&#8221;4.21.2&#8243; _module_preset=&#8221;default&#8221; background_color=&#8221;#f7f7f7&#8243; custom_margin=&#8221;0px||0px||false|false&#8221; custom_padding=&#8221;50px||50px||false|false&#8221; global_colors_info=&#8221;{}&#8221;][et_pb_row _builder_version=&#8221;4.21.2&#8243; _module_preset=&#8221;default&#8221; global_colors_info=&#8221;{}&#8221;][et_pb_column type=&#8221;4_4&#8243; _builder_version=&#8221;4.21.2&#8243; _module_preset=&#8221;default&#8221; global_colors_info=&#8221;{}&#8221;][et_pb_text _builder_version=&#8221;4.21.2&#8243; _module_preset=&#8221;default&#8221; custom_margin=&#8221;0px||||false|false&#8221; custom_padding=&#8221;0px||||false|false&#8221; global_colors_info=&#8221;{}&#8221;]<\/p>\n<h2 style=\"text-align: center;\">Aplicacions<\/h2>\n<p>[\/et_pb_text][\/et_pb_column][\/et_pb_row][et_pb_row column_structure=&#8221;1_3,1_3,1_3&#8243; _builder_version=&#8221;4.21.2&#8243; _module_preset=&#8221;default&#8221; global_colors_info=&#8221;{}&#8221;][et_pb_column type=&#8221;1_3&#8243; _builder_version=&#8221;4.21.2&#8243; _module_preset=&#8221;default&#8221; global_colors_info=&#8221;{}&#8221;][et_pb_image src=&#8221;http:\/\/aragogamma.com\/wp\/wp-content\/uploads\/2023\/09\/edit-web-2.jpg&#8221; title_text=&#8221;edit-web-2&#8243; _builder_version=&#8221;4.21.2&#8243; _module_preset=&#8221;default&#8221; global_colors_info=&#8221;{}&#8221;][\/et_pb_image][et_pb_text _builder_version=&#8221;4.21.2&#8243; _module_preset=&#8221;default&#8221; text_font_size=&#8221;17px&#8221; header_4_font_size=&#8221;27px&#8221; global_colors_info=&#8221;{}&#8221;]<\/p>\n<h4>Alimentaci\u00f3<\/h4>\n<p>\u00b7 Herbes arom\u00e0tiques seques<br \/>\n\u00b7 Esp\u00e8cies<br \/>\n\u00b7 Condiments alimentaris<br \/>\n\u00b7 Envasos per a l&#8217;alimentaci\u00f3[\/et_pb_text][\/et_pb_column][et_pb_column type=&#8221;1_3&#8243; _builder_version=&#8221;4.21.2&#8243; _module_preset=&#8221;default&#8221; global_colors_info=&#8221;{}&#8221;][et_pb_image src=&#8221;http:\/\/aragogamma.com\/wp\/wp-content\/uploads\/2023\/09\/edit-web-1.jpg&#8221; title_text=&#8221;edit-web-1&#8243; _builder_version=&#8221;4.21.2&#8243; _module_preset=&#8221;default&#8221; global_colors_info=&#8221;{}&#8221;][\/et_pb_image][et_pb_text _builder_version=&#8221;4.21.2&#8243; _module_preset=&#8221;default&#8221; text_font_size=&#8221;17px&#8221; header_4_font_size=&#8221;27px&#8221; global_colors_info=&#8221;{}&#8221;]<\/p>\n<h4>Cosm\u00e8tica<\/h4>\n<p>\u00b7 Mat\u00e8ries primeres<br \/>\n\u00b7 Producte acabat<br \/>\n\u00b7 Accesoris<br \/>\n\u00b7 Envasos<\/p>\n<p>[\/et_pb_text][\/et_pb_column][et_pb_column type=&#8221;1_3&#8243; _builder_version=&#8221;4.21.2&#8243; _module_preset=&#8221;default&#8221; global_colors_info=&#8221;{}&#8221;][et_pb_image src=&#8221;http:\/\/aragogamma.com\/wp\/wp-content\/uploads\/2023\/09\/edit-web-3.jpg&#8221; title_text=&#8221;edit-web-3&#8243; _builder_version=&#8221;4.21.2&#8243; _module_preset=&#8221;default&#8221; global_colors_info=&#8221;{}&#8221;][\/et_pb_image][et_pb_text _builder_version=&#8221;4.21.2&#8243; _module_preset=&#8221;default&#8221; text_font_size=&#8221;17px&#8221; header_4_font_size=&#8221;27px&#8221; global_colors_info=&#8221;{}&#8221;]<\/p>\n<h4>Farm\u00e0cia<\/h4>\n<p>\u00b7 Antibi\u00f2tics \/ API<br \/>\n\u00b7 Producte acabat<br \/>\n\u00b7 Material de Condicionament<br \/>\n\u00b7 Envasos<br \/>\n\u00b7 Vestuari Salas est\u00e8rils<\/p>\n<p>[\/et_pb_text][\/et_pb_column][\/et_pb_row][et_pb_row column_structure=&#8221;1_3,1_3,1_3&#8243; _builder_version=&#8221;4.21.2&#8243; _module_preset=&#8221;default&#8221; global_colors_info=&#8221;{}&#8221;][et_pb_column type=&#8221;1_3&#8243; _builder_version=&#8221;4.21.2&#8243; _module_preset=&#8221;default&#8221; global_colors_info=&#8221;{}&#8221;][et_pb_image src=&#8221;http:\/\/aragogamma.com\/wp\/wp-content\/uploads\/2023\/09\/edit-web-5.jpg&#8221; title_text=&#8221;edit-web-5&#8243; _builder_version=&#8221;4.21.2&#8243; _module_preset=&#8221;default&#8221; global_colors_info=&#8221;{}&#8221;][\/et_pb_image][et_pb_text _builder_version=&#8221;4.21.2&#8243; _module_preset=&#8221;default&#8221; text_font_size=&#8221;17px&#8221; header_4_font_size=&#8221;27px&#8221; global_colors_info=&#8221;{}&#8221;]<\/p>\n<h4><strong>Preservaci\u00f3<\/strong><\/h4>\n<p>\u00b7 Obres d&#8217;art<br \/>\n\u00b7 Pergamins<br \/>\n\u00b7 C\u00f2dexs<br \/>\n\u00b7 Uns altres<\/p>\n<p>[\/et_pb_text][\/et_pb_column][et_pb_column type=&#8221;1_3&#8243; _builder_version=&#8221;4.21.2&#8243; _module_preset=&#8221;default&#8221; global_colors_info=&#8221;{}&#8221;][et_pb_image src=&#8221;http:\/\/aragogamma.com\/wp\/wp-content\/uploads\/2023\/09\/edit-web-4.jpg&#8221; title_text=&#8221;edit-web-4&#8243; _builder_version=&#8221;4.21.2&#8243; _module_preset=&#8221;default&#8221; global_colors_info=&#8221;{}&#8221;][\/et_pb_image][et_pb_text _builder_version=&#8221;4.21.2&#8243; _module_preset=&#8221;default&#8221; text_font_size=&#8221;17px&#8221; header_4_font_size=&#8221;27px&#8221; global_colors_info=&#8221;{}&#8221;]<\/p>\n<h4>Sanitari<\/h4>\n<p>\u00b7 Implants quir\u00fargics i dentals<br \/>\n\u00b7 Teixit ossi<br \/>\n\u00b7 Dialitzadors<br \/>\n\u00b7 Sutures<br \/>\n\u00b7 Guants, agulles, bistur\u00eds, kits<br \/>\n\u00b7 Tubs, Cat\u00e8ters<br \/>\n\u00b7 Borses per a sang<\/p>\n<p>[\/et_pb_text][\/et_pb_column][et_pb_column type=&#8221;1_3&#8243; _builder_version=&#8221;4.21.2&#8243; _module_preset=&#8221;default&#8221; global_colors_info=&#8221;{}&#8221;][et_pb_image src=&#8221;http:\/\/aragogamma.com\/wp\/wp-content\/uploads\/2023\/09\/edit-web-6.jpg&#8221; title_text=&#8221;edit-web-6&#8243; _builder_version=&#8221;4.21.2&#8243; _module_preset=&#8221;default&#8221; global_colors_info=&#8221;{}&#8221;][\/et_pb_image][et_pb_text _builder_version=&#8221;4.21.2&#8243; _module_preset=&#8221;default&#8221; text_font_size=&#8221;17px&#8221; header_4_font_size=&#8221;27px&#8221; global_colors_info=&#8221;{}&#8221;]<\/p>\n<h4>Altres<\/h4>\n<p>\u00b7 Assajos i components<br \/>\u00b7 Millores gen\u00e8tiques (Pol\u00b7len i Varetas)<\/p>\n<p>[\/et_pb_text][\/et_pb_column][\/et_pb_row][\/et_pb_section][et_pb_section fb_built=&#8221;1&#8243; _builder_version=&#8221;4.21.2&#8243; _module_preset=&#8221;default&#8221; background_color=&#8221;#FFFFFF&#8221; custom_margin=&#8221;0px||0px||false|false&#8221; custom_padding=&#8221;0px||0px||false|false&#8221; global_colors_info=&#8221;{}&#8221;][et_pb_row _builder_version=&#8221;4.21.2&#8243; _module_preset=&#8221;default&#8221; global_colors_info=&#8221;{}&#8221;][et_pb_column type=&#8221;4_4&#8243; _builder_version=&#8221;4.21.2&#8243; _module_preset=&#8221;default&#8221; global_colors_info=&#8221;{}&#8221;][et_pb_image src=&#8221;https:\/\/aragogamma.com\/wp\/wp-content\/uploads\/2023\/09\/producto-cat-300-1466&#215;2080-1.jpg&#8221; title_text=&#8221;producto-cat-300-1466&#215;2080&#8243; align=&#8221;center&#8221; _builder_version=&#8221;4.21.2&#8243; _module_preset=&#8221;default&#8221; global_colors_info=&#8221;{}&#8221;][\/et_pb_image][\/et_pb_column][\/et_pb_row][\/et_pb_section]<\/p>\n","protected":false},"excerpt":{"rendered":"<p>Irradiem confian\u00e7a des de 1970M\u00faltiples aplicacions El tractament per raigs gamma permet modificar les propietats f\u00edsiques, qu\u00edmiques i\/o biol\u00f2giques dels materials irradiats, fins i tot en el seu env\u00e0s final, gr\u00e0cies a la gran capacitat de penetraci\u00f3 dels fotons. \u00c9s compatible amb nombrosos materials, no produeix residus del proc\u00e9s i no indueix radioactivitat. &nbsp; &nbsp; [&hellip;]<\/p>\n","protected":false},"author":2,"featured_media":0,"parent":0,"menu_order":0,"comment_status":"closed","ping_status":"closed","template":"","meta":{"_et_pb_use_builder":"on","_et_pb_old_content":"","_et_gb_content_width":"","footnotes":""},"class_list":["post-1261","page","type-page","status-publish","hentry"],"yoast_head":"<!-- This site is optimized with the Yoast SEO plugin v26.2 - https:\/\/yoast.com\/wordpress\/plugins\/seo\/ -->\n<title>Serveis - Aragogamma<\/title>\n<meta name=\"robots\" content=\"index, follow, max-snippet:-1, max-image-preview:large, max-video-preview:-1\" \/>\n<link rel=\"canonical\" href=\"https:\/\/aragogamma.com\/ca\/serveis\/\" \/>\n<meta property=\"og:locale\" content=\"ca_ES\" \/>\n<meta property=\"og:type\" content=\"article\" \/>\n<meta property=\"og:title\" content=\"Serveis - Aragogamma\" \/>\n<meta property=\"og:description\" content=\"Irradiem confian\u00e7a des de 1970M\u00faltiples aplicacions El tractament per raigs gamma permet modificar les propietats f\u00edsiques, qu\u00edmiques i\/o biol\u00f2giques dels materials irradiats, fins i tot en el seu env\u00e0s final, gr\u00e0cies a la gran capacitat de penetraci\u00f3 dels fotons. \u00c9s compatible amb nombrosos materials, no produeix residus del proc\u00e9s i no indueix radioactivitat. &nbsp; &nbsp; [&hellip;]\" \/>\n<meta property=\"og:url\" content=\"https:\/\/aragogamma.com\/ca\/serveis\/\" \/>\n<meta property=\"og:site_name\" content=\"Aragogamma\" \/>\n<meta property=\"article:modified_time\" content=\"2023-10-05T07:47:48+00:00\" \/>\n<meta name=\"twitter:card\" content=\"summary_large_image\" \/>\n<meta name=\"twitter:label1\" content=\"Temps estimat de lectura\" \/>\n\t<meta name=\"twitter:data1\" content=\"5 minuts\" \/>\n<script type=\"application\/ld+json\" class=\"yoast-schema-graph\">{\"@context\":\"https:\/\/schema.org\",\"@graph\":[{\"@type\":\"WebPage\",\"@id\":\"https:\/\/aragogamma.com\/ca\/serveis\/\",\"url\":\"https:\/\/aragogamma.com\/ca\/serveis\/\",\"name\":\"Serveis - Aragogamma\",\"isPartOf\":{\"@id\":\"https:\/\/aragogamma.com\/#website\"},\"datePublished\":\"2023-08-05T08:21:43+00:00\",\"dateModified\":\"2023-10-05T07:47:48+00:00\",\"breadcrumb\":{\"@id\":\"https:\/\/aragogamma.com\/ca\/serveis\/#breadcrumb\"},\"inLanguage\":\"ca\",\"potentialAction\":[{\"@type\":\"ReadAction\",\"target\":[\"https:\/\/aragogamma.com\/ca\/serveis\/\"]}]},{\"@type\":\"BreadcrumbList\",\"@id\":\"https:\/\/aragogamma.com\/ca\/serveis\/#breadcrumb\",\"itemListElement\":[{\"@type\":\"ListItem\",\"position\":1,\"name\":\"Portada\",\"item\":\"https:\/\/aragogamma.com\/\"},{\"@type\":\"ListItem\",\"position\":2,\"name\":\"Serveis\"}]},{\"@type\":\"WebSite\",\"@id\":\"https:\/\/aragogamma.com\/#website\",\"url\":\"https:\/\/aragogamma.com\/\",\"name\":\"Aragogamma\",\"description\":\"Irradiamos confianza desde 1970\",\"publisher\":{\"@id\":\"https:\/\/aragogamma.com\/#organization\"},\"potentialAction\":[{\"@type\":\"SearchAction\",\"target\":{\"@type\":\"EntryPoint\",\"urlTemplate\":\"https:\/\/aragogamma.com\/?s={search_term_string}\"},\"query-input\":{\"@type\":\"PropertyValueSpecification\",\"valueRequired\":true,\"valueName\":\"search_term_string\"}}],\"inLanguage\":\"ca\"},{\"@type\":\"Organization\",\"@id\":\"https:\/\/aragogamma.com\/#organization\",\"name\":\"Aragogamma\",\"url\":\"https:\/\/aragogamma.com\/\",\"logo\":{\"@type\":\"ImageObject\",\"inLanguage\":\"ca\",\"@id\":\"https:\/\/aragogamma.com\/#\/schema\/logo\/image\/\",\"url\":\"https:\/\/aragogamma.com\/wp\/wp-content\/uploads\/2023\/09\/logo-aragogamma-home-510x113-1.jpg\",\"contentUrl\":\"https:\/\/aragogamma.com\/wp\/wp-content\/uploads\/2023\/09\/logo-aragogamma-home-510x113-1.jpg\",\"width\":510,\"height\":113,\"caption\":\"Aragogamma\"},\"image\":{\"@id\":\"https:\/\/aragogamma.com\/#\/schema\/logo\/image\/\"}}]}<\/script>\n<!-- \/ Yoast SEO plugin. -->","yoast_head_json":{"title":"Serveis - Aragogamma","robots":{"index":"index","follow":"follow","max-snippet":"max-snippet:-1","max-image-preview":"max-image-preview:large","max-video-preview":"max-video-preview:-1"},"canonical":"https:\/\/aragogamma.com\/ca\/serveis\/","og_locale":"ca_ES","og_type":"article","og_title":"Serveis - Aragogamma","og_description":"Irradiem confian\u00e7a des de 1970M\u00faltiples aplicacions El tractament per raigs gamma permet modificar les propietats f\u00edsiques, qu\u00edmiques i\/o biol\u00f2giques dels materials irradiats, fins i tot en el seu env\u00e0s final, gr\u00e0cies a la gran capacitat de penetraci\u00f3 dels fotons. \u00c9s compatible amb nombrosos materials, no produeix residus del proc\u00e9s i no indueix radioactivitat. &nbsp; &nbsp; [&hellip;]","og_url":"https:\/\/aragogamma.com\/ca\/serveis\/","og_site_name":"Aragogamma","article_modified_time":"2023-10-05T07:47:48+00:00","twitter_card":"summary_large_image","twitter_misc":{"Temps estimat de lectura":"5 minuts"},"schema":{"@context":"https:\/\/schema.org","@graph":[{"@type":"WebPage","@id":"https:\/\/aragogamma.com\/ca\/serveis\/","url":"https:\/\/aragogamma.com\/ca\/serveis\/","name":"Serveis - Aragogamma","isPartOf":{"@id":"https:\/\/aragogamma.com\/#website"},"datePublished":"2023-08-05T08:21:43+00:00","dateModified":"2023-10-05T07:47:48+00:00","breadcrumb":{"@id":"https:\/\/aragogamma.com\/ca\/serveis\/#breadcrumb"},"inLanguage":"ca","potentialAction":[{"@type":"ReadAction","target":["https:\/\/aragogamma.com\/ca\/serveis\/"]}]},{"@type":"BreadcrumbList","@id":"https:\/\/aragogamma.com\/ca\/serveis\/#breadcrumb","itemListElement":[{"@type":"ListItem","position":1,"name":"Portada","item":"https:\/\/aragogamma.com\/"},{"@type":"ListItem","position":2,"name":"Serveis"}]},{"@type":"WebSite","@id":"https:\/\/aragogamma.com\/#website","url":"https:\/\/aragogamma.com\/","name":"Aragogamma","description":"Irradiamos confianza desde 1970","publisher":{"@id":"https:\/\/aragogamma.com\/#organization"},"potentialAction":[{"@type":"SearchAction","target":{"@type":"EntryPoint","urlTemplate":"https:\/\/aragogamma.com\/?s={search_term_string}"},"query-input":{"@type":"PropertyValueSpecification","valueRequired":true,"valueName":"search_term_string"}}],"inLanguage":"ca"},{"@type":"Organization","@id":"https:\/\/aragogamma.com\/#organization","name":"Aragogamma","url":"https:\/\/aragogamma.com\/","logo":{"@type":"ImageObject","inLanguage":"ca","@id":"https:\/\/aragogamma.com\/#\/schema\/logo\/image\/","url":"https:\/\/aragogamma.com\/wp\/wp-content\/uploads\/2023\/09\/logo-aragogamma-home-510x113-1.jpg","contentUrl":"https:\/\/aragogamma.com\/wp\/wp-content\/uploads\/2023\/09\/logo-aragogamma-home-510x113-1.jpg","width":510,"height":113,"caption":"Aragogamma"},"image":{"@id":"https:\/\/aragogamma.com\/#\/schema\/logo\/image\/"}}]}},"_links":{"self":[{"href":"https:\/\/aragogamma.com\/ca\/wp-json\/wp\/v2\/pages\/1261","targetHints":{"allow":["GET"]}}],"collection":[{"href":"https:\/\/aragogamma.com\/ca\/wp-json\/wp\/v2\/pages"}],"about":[{"href":"https:\/\/aragogamma.com\/ca\/wp-json\/wp\/v2\/types\/page"}],"author":[{"embeddable":true,"href":"https:\/\/aragogamma.com\/ca\/wp-json\/wp\/v2\/users\/2"}],"replies":[{"embeddable":true,"href":"https:\/\/aragogamma.com\/ca\/wp-json\/wp\/v2\/comments?post=1261"}],"version-history":[{"count":4,"href":"https:\/\/aragogamma.com\/ca\/wp-json\/wp\/v2\/pages\/1261\/revisions"}],"predecessor-version":[{"id":1526,"href":"https:\/\/aragogamma.com\/ca\/wp-json\/wp\/v2\/pages\/1261\/revisions\/1526"}],"wp:attachment":[{"href":"https:\/\/aragogamma.com\/ca\/wp-json\/wp\/v2\/media?parent=1261"}],"curies":[{"name":"wp","href":"https:\/\/api.w.org\/{rel}","templated":true}]}}