{"id":1263,"date":"2023-09-15T10:30:37","date_gmt":"2023-09-15T10:30:37","guid":{"rendered":"https:\/\/aragogamma.com\/wp\/sistema-interno-de-informacion\/"},"modified":"2023-10-11T10:13:34","modified_gmt":"2023-10-11T10:13:34","slug":"sistema-intern-d-informacio","status":"publish","type":"page","link":"https:\/\/aragogamma.com\/ca\/sistema-intern-d-informacio\/","title":{"rendered":"Sistema intern d&#8217;informaci\u00f3"},"content":{"rendered":"<p>[et_pb_section fb_built=&#8221;1&#8243; _builder_version=&#8221;4.21.2&#8243; _module_preset=&#8221;default&#8221; global_colors_info=&#8221;{}&#8221;][et_pb_row _builder_version=&#8221;4.21.2&#8243; _module_preset=&#8221;default&#8221; global_colors_info=&#8221;{}&#8221;][et_pb_column type=&#8221;4_4&#8243; _builder_version=&#8221;4.21.2&#8243; _module_preset=&#8221;default&#8221; global_colors_info=&#8221;{}&#8221;][et_pb_text _builder_version=&#8221;4.21.2&#8243; _module_preset=&#8221;default&#8221; hover_enabled=&#8221;0&#8243; global_colors_info=&#8221;{}&#8221; sticky_enabled=&#8221;0&#8243;]<\/p>\n<h2 class=\"align-center pb-3 mbr-fonts-style display-2\">Sistema intern d\u2019informaci\u00f3<\/h2>\n<p>&nbsp;<\/p>\n<p>ARAGOGAMMA ha procedit a la implementaci\u00f3 d\u2019un sistema intern d\u2019informaci\u00f3 de<br \/>\nconformitat a la Llei 2\/2023, de 20 de febrer, reguladora de la protecci\u00f3 de les persones que<br \/>\ninformin sobre infraccions normatives i de lluita contra la corrupci\u00f3, amb la finalitat que<br \/>\nqualsevol membre directe (administradors, empleats, professionals i directius) o relacionat<br \/>\n(col\u00b7laboradors o prove\u00efdors) pugui comunicar qualsevol indici o sospita de comissi\u00f3 d\u2019una<br \/>\nconducta que pugui suposar:<\/p>\n<p>&nbsp;<\/p>\n<ul>\n<li>Incompliment de la normativa aplicable, protocols, procediments, i controls interns.<\/li>\n<li>Comissi\u00f3 de fets que no s\u2019adeq\u00fcin als principis \u00e8tics i a les bones pr\u00e0ctiques empresarials.<\/li>\n<li>Comissi\u00f3 de fets que poguessin ser delictius.<\/li>\n<\/ul>\n<p>&nbsp;<\/p>\n<p>Per a realitzar una comunicaci\u00f3 \u201c<a href=\"https:\/\/centinela.lefebvre.es\/public\/concept\/1640543?access=9tCEZ5KYGklV%2FEADZtMoRzNEXdo2LIaT5lYQP%2BqrA%2Fg%3D\" target=\"_blank\" rel=\"noopener\" data-wplink-url-error=\"true\">Accedeixi al Canal Intern d\u2019Informaci\u00f3<\/a>\u201d[\/et_pb_text][\/et_pb_column][\/et_pb_row][\/et_pb_section]<\/p>\n","protected":false},"excerpt":{"rendered":"<p>Sistema intern d\u2019informaci\u00f3 &nbsp; ARAGOGAMMA ha procedit a la implementaci\u00f3 d\u2019un sistema intern d\u2019informaci\u00f3 de conformitat a la Llei 2\/2023, de 20 de febrer, reguladora de la protecci\u00f3 de les persones que informin sobre infraccions normatives i de lluita contra la corrupci\u00f3, amb la finalitat que qualsevol membre directe (administradors, empleats, professionals i directius) o [&hellip;]<\/p>\n","protected":false},"author":2,"featured_media":0,"parent":0,"menu_order":0,"comment_status":"closed","ping_status":"closed","template":"","meta":{"_et_pb_use_builder":"on","_et_pb_old_content":"","_et_gb_content_width":"","footnotes":""},"class_list":["post-1263","page","type-page","status-publish","hentry"],"yoast_head":"<!-- This site is optimized with the Yoast SEO plugin v26.2 - https:\/\/yoast.com\/wordpress\/plugins\/seo\/ -->\n<title>Sistema intern d&#039;informaci\u00f3 - Aragogamma<\/title>\n<meta name=\"robots\" content=\"index, follow, max-snippet:-1, max-image-preview:large, max-video-preview:-1\" \/>\n<link rel=\"canonical\" href=\"https:\/\/aragogamma.com\/ca\/sistema-intern-d-informacio\/\" \/>\n<meta property=\"og:locale\" content=\"ca_ES\" \/>\n<meta property=\"og:type\" content=\"article\" \/>\n<meta property=\"og:title\" content=\"Sistema intern d&#039;informaci\u00f3 - Aragogamma\" \/>\n<meta property=\"og:description\" content=\"Sistema intern d\u2019informaci\u00f3 &nbsp; ARAGOGAMMA ha procedit a la implementaci\u00f3 d\u2019un sistema intern d\u2019informaci\u00f3 de conformitat a la Llei 2\/2023, de 20 de febrer, reguladora de la protecci\u00f3 de les persones que informin sobre infraccions normatives i de lluita contra la corrupci\u00f3, amb la finalitat que qualsevol membre directe (administradors, empleats, professionals i directius) o [&hellip;]\" \/>\n<meta property=\"og:url\" content=\"https:\/\/aragogamma.com\/ca\/sistema-intern-d-informacio\/\" \/>\n<meta property=\"og:site_name\" content=\"Aragogamma\" \/>\n<meta property=\"article:modified_time\" content=\"2023-10-11T10:13:34+00:00\" \/>\n<meta name=\"twitter:card\" content=\"summary_large_image\" \/>\n<meta name=\"twitter:label1\" content=\"Temps estimat de lectura\" \/>\n\t<meta name=\"twitter:data1\" content=\"1 minut\" \/>\n<script type=\"application\/ld+json\" class=\"yoast-schema-graph\">{\"@context\":\"https:\/\/schema.org\",\"@graph\":[{\"@type\":\"WebPage\",\"@id\":\"https:\/\/aragogamma.com\/ca\/sistema-intern-d-informacio\/\",\"url\":\"https:\/\/aragogamma.com\/ca\/sistema-intern-d-informacio\/\",\"name\":\"Sistema intern d'informaci\u00f3 - Aragogamma\",\"isPartOf\":{\"@id\":\"https:\/\/aragogamma.com\/#website\"},\"datePublished\":\"2023-09-15T10:30:37+00:00\",\"dateModified\":\"2023-10-11T10:13:34+00:00\",\"breadcrumb\":{\"@id\":\"https:\/\/aragogamma.com\/ca\/sistema-intern-d-informacio\/#breadcrumb\"},\"inLanguage\":\"ca\",\"potentialAction\":[{\"@type\":\"ReadAction\",\"target\":[\"https:\/\/aragogamma.com\/ca\/sistema-intern-d-informacio\/\"]}]},{\"@type\":\"BreadcrumbList\",\"@id\":\"https:\/\/aragogamma.com\/ca\/sistema-intern-d-informacio\/#breadcrumb\",\"itemListElement\":[{\"@type\":\"ListItem\",\"position\":1,\"name\":\"Portada\",\"item\":\"https:\/\/aragogamma.com\/\"},{\"@type\":\"ListItem\",\"position\":2,\"name\":\"Sistema intern d&#8217;informaci\u00f3\"}]},{\"@type\":\"WebSite\",\"@id\":\"https:\/\/aragogamma.com\/#website\",\"url\":\"https:\/\/aragogamma.com\/\",\"name\":\"Aragogamma\",\"description\":\"Irradiamos confianza desde 1970\",\"publisher\":{\"@id\":\"https:\/\/aragogamma.com\/#organization\"},\"potentialAction\":[{\"@type\":\"SearchAction\",\"target\":{\"@type\":\"EntryPoint\",\"urlTemplate\":\"https:\/\/aragogamma.com\/?s={search_term_string}\"},\"query-input\":{\"@type\":\"PropertyValueSpecification\",\"valueRequired\":true,\"valueName\":\"search_term_string\"}}],\"inLanguage\":\"ca\"},{\"@type\":\"Organization\",\"@id\":\"https:\/\/aragogamma.com\/#organization\",\"name\":\"Aragogamma\",\"url\":\"https:\/\/aragogamma.com\/\",\"logo\":{\"@type\":\"ImageObject\",\"inLanguage\":\"ca\",\"@id\":\"https:\/\/aragogamma.com\/#\/schema\/logo\/image\/\",\"url\":\"https:\/\/aragogamma.com\/wp\/wp-content\/uploads\/2023\/09\/logo-aragogamma-home-510x113-1.jpg\",\"contentUrl\":\"https:\/\/aragogamma.com\/wp\/wp-content\/uploads\/2023\/09\/logo-aragogamma-home-510x113-1.jpg\",\"width\":510,\"height\":113,\"caption\":\"Aragogamma\"},\"image\":{\"@id\":\"https:\/\/aragogamma.com\/#\/schema\/logo\/image\/\"}}]}<\/script>\n<!-- \/ Yoast SEO plugin. -->","yoast_head_json":{"title":"Sistema intern d'informaci\u00f3 - Aragogamma","robots":{"index":"index","follow":"follow","max-snippet":"max-snippet:-1","max-image-preview":"max-image-preview:large","max-video-preview":"max-video-preview:-1"},"canonical":"https:\/\/aragogamma.com\/ca\/sistema-intern-d-informacio\/","og_locale":"ca_ES","og_type":"article","og_title":"Sistema intern d'informaci\u00f3 - Aragogamma","og_description":"Sistema intern d\u2019informaci\u00f3 &nbsp; ARAGOGAMMA ha procedit a la implementaci\u00f3 d\u2019un sistema intern d\u2019informaci\u00f3 de conformitat a la Llei 2\/2023, de 20 de febrer, reguladora de la protecci\u00f3 de les persones que informin sobre infraccions normatives i de lluita contra la corrupci\u00f3, amb la finalitat que qualsevol membre directe (administradors, empleats, professionals i directius) o [&hellip;]","og_url":"https:\/\/aragogamma.com\/ca\/sistema-intern-d-informacio\/","og_site_name":"Aragogamma","article_modified_time":"2023-10-11T10:13:34+00:00","twitter_card":"summary_large_image","twitter_misc":{"Temps estimat de lectura":"1 minut"},"schema":{"@context":"https:\/\/schema.org","@graph":[{"@type":"WebPage","@id":"https:\/\/aragogamma.com\/ca\/sistema-intern-d-informacio\/","url":"https:\/\/aragogamma.com\/ca\/sistema-intern-d-informacio\/","name":"Sistema intern d'informaci\u00f3 - Aragogamma","isPartOf":{"@id":"https:\/\/aragogamma.com\/#website"},"datePublished":"2023-09-15T10:30:37+00:00","dateModified":"2023-10-11T10:13:34+00:00","breadcrumb":{"@id":"https:\/\/aragogamma.com\/ca\/sistema-intern-d-informacio\/#breadcrumb"},"inLanguage":"ca","potentialAction":[{"@type":"ReadAction","target":["https:\/\/aragogamma.com\/ca\/sistema-intern-d-informacio\/"]}]},{"@type":"BreadcrumbList","@id":"https:\/\/aragogamma.com\/ca\/sistema-intern-d-informacio\/#breadcrumb","itemListElement":[{"@type":"ListItem","position":1,"name":"Portada","item":"https:\/\/aragogamma.com\/"},{"@type":"ListItem","position":2,"name":"Sistema intern d&#8217;informaci\u00f3"}]},{"@type":"WebSite","@id":"https:\/\/aragogamma.com\/#website","url":"https:\/\/aragogamma.com\/","name":"Aragogamma","description":"Irradiamos confianza desde 1970","publisher":{"@id":"https:\/\/aragogamma.com\/#organization"},"potentialAction":[{"@type":"SearchAction","target":{"@type":"EntryPoint","urlTemplate":"https:\/\/aragogamma.com\/?s={search_term_string}"},"query-input":{"@type":"PropertyValueSpecification","valueRequired":true,"valueName":"search_term_string"}}],"inLanguage":"ca"},{"@type":"Organization","@id":"https:\/\/aragogamma.com\/#organization","name":"Aragogamma","url":"https:\/\/aragogamma.com\/","logo":{"@type":"ImageObject","inLanguage":"ca","@id":"https:\/\/aragogamma.com\/#\/schema\/logo\/image\/","url":"https:\/\/aragogamma.com\/wp\/wp-content\/uploads\/2023\/09\/logo-aragogamma-home-510x113-1.jpg","contentUrl":"https:\/\/aragogamma.com\/wp\/wp-content\/uploads\/2023\/09\/logo-aragogamma-home-510x113-1.jpg","width":510,"height":113,"caption":"Aragogamma"},"image":{"@id":"https:\/\/aragogamma.com\/#\/schema\/logo\/image\/"}}]}},"_links":{"self":[{"href":"https:\/\/aragogamma.com\/ca\/wp-json\/wp\/v2\/pages\/1263","targetHints":{"allow":["GET"]}}],"collection":[{"href":"https:\/\/aragogamma.com\/ca\/wp-json\/wp\/v2\/pages"}],"about":[{"href":"https:\/\/aragogamma.com\/ca\/wp-json\/wp\/v2\/types\/page"}],"author":[{"embeddable":true,"href":"https:\/\/aragogamma.com\/ca\/wp-json\/wp\/v2\/users\/2"}],"replies":[{"embeddable":true,"href":"https:\/\/aragogamma.com\/ca\/wp-json\/wp\/v2\/comments?post=1263"}],"version-history":[{"count":3,"href":"https:\/\/aragogamma.com\/ca\/wp-json\/wp\/v2\/pages\/1263\/revisions"}],"predecessor-version":[{"id":1561,"href":"https:\/\/aragogamma.com\/ca\/wp-json\/wp\/v2\/pages\/1263\/revisions\/1561"}],"wp:attachment":[{"href":"https:\/\/aragogamma.com\/ca\/wp-json\/wp\/v2\/media?parent=1263"}],"curies":[{"name":"wp","href":"https:\/\/api.w.org\/{rel}","templated":true}]}}