{"id":1592,"date":"2023-11-08T12:27:08","date_gmt":"2023-11-08T12:27:08","guid":{"rendered":"https:\/\/aragogamma.com\/politicacookies\/"},"modified":"2023-11-10T13:53:42","modified_gmt":"2023-11-10T13:53:42","slug":"politicacookies","status":"publish","type":"page","link":"https:\/\/aragogamma.com\/ca\/politicacookies\/","title":{"rendered":"Pol\u00edtica de cookies"},"content":{"rendered":"<p>[et_pb_section fb_built=&#8221;1&#8243; _builder_version=&#8221;4.21.2&#8243; _module_preset=&#8221;default&#8221; global_colors_info=&#8221;{}&#8221;][et_pb_row _builder_version=&#8221;4.21.2&#8243; _module_preset=&#8221;default&#8221; global_colors_info=&#8221;{}&#8221;][et_pb_column type=&#8221;4_4&#8243; _builder_version=&#8221;4.21.2&#8243; _module_preset=&#8221;default&#8221; global_colors_info=&#8221;{}&#8221;][et_pb_text _builder_version=&#8221;4.21.2&#8243; _module_preset=&#8221;default&#8221; hover_enabled=&#8221;0&#8243; global_colors_info=&#8221;{}&#8221; sticky_enabled=&#8221;0&#8243;]<\/p>\n<h1>Pol\u00edtica de Cookies<\/h1>\n<p>Aquest lloc web, igual que la majoria dels llocs web a Internet, utilitza cookies (galetes) tant pr\u00f2pies com de tercers, aix\u00ed com altres tecnologies an\u00e0logues, la qual cosa implica la realitzaci\u00f3 de tractaments de dades de car\u00e0cter personal d&#8217;acord amb la normativa europea i espanyola aplicables. A continuaci\u00f3, es proporciona informaci\u00f3 b\u00e0sica o essencial sobre les galetes que utilitzem nosaltres i els nostres socis de forma espec\u00edfica, i com gestionar les seves opcions de consentiment i rebuig.<\/p>\n<p>Si vol contactar amb nosaltres respecte la nostra pol\u00edtica de galetes, pot fer-ho en <a href=\"mailto:info@aragogamma.com\"><strong>info@aragogamma.com<\/strong><\/a><strong>.<\/strong><\/p>\n<h2>\u00a0<\/h2>\n<h2>Qu\u00e8 s\u00f3n les galetes?<\/h2>\n<p>Les galetes s\u00f3n petits arxius que s&#8217;envien i s&#8217;emmagatzemen en el disc dur de l&#8217;ordinador, smartphone, tauleta o televisi\u00f3 connectada de l&#8217;usuari a trav\u00e9s del seu navegador quan aquest es connecta a un web.<\/p>\n<p>Les galetes es poden utilitzar per demanar i emmagatzemar dades de l&#8217;usuari mentre est\u00e0 connectat per facilitar-li els serveis sol\u00b7licitats i que no es solen conservar (galetes de sessi\u00f3), o per conservar les dades de l&#8217;usuari per a un altre tipus de serveis futurs i que es poden conservar per temps indefinit (galetes persistents). Les galetes poden ser pr\u00f2pies o de tercers.<\/p>\n<p>Les seves funcions poden ser molt variades: emmagatzemar les seves prefer\u00e8ncies de navegaci\u00f3, recopilar informaci\u00f3 estad\u00edstica, permetre certes funcionalitats t\u00e8cniques, etc\u00e8tera. De vegades, les galetes s&#8217;utilitzen per emmagatzemar informaci\u00f3 b\u00e0sica sobre els h\u00e0bits de navegaci\u00f3 de l&#8217;usuari o del seu equip, fins al punt, segons els casos, de poder recon\u00e8ixer-lo.<\/p>\n<p>&nbsp;<\/p>\n<h2>Per qu\u00e8 s\u00f3n importants?<\/h2>\n<p>Les galetes s\u00f3n \u00fatils per diversos motius. Des d&#8217;un punt de vista t\u00e8cnic, permeten que les p\u00e0gines web funcionin de forma m\u00e9s \u00e0gil i adaptada a les seves prefer\u00e8ncies, com ara emmagatzemar el seu idioma o la moneda del seu pa\u00eds. A m\u00e9s, poden ajudar els propietaris dels llocs web a millorar els serveis que ofereixen, gr\u00e0cies a la informaci\u00f3 estad\u00edstica que recullen a trav\u00e9s d&#8217;elles.<\/p>\n<p>&nbsp;<\/p>\n<h2>Quines s\u00f3n les restriccions en l&#8217;\u00fas de galetes?<\/h2>\n<p>L&#8217;\u00fas de les galetes es regeix per les obligacions previstes en l&#8217;apartat segon de l&#8217;article 22 de la Llei 34\/2002, d&#8217;11 de juliol, de serveis de la societat de la informaci\u00f3 i de comer\u00e7 electr\u00f2nic (en endavant, LSSI), en relaci\u00f3 amb el Reglament (UE) 2016\/679 del Parlament Europeu i del Consell, de 27 d&#8217;abril de 2016,\u00a0 General de Protecci\u00f3 de Dades (en endavant, RGPD) i la Llei Org\u00e0nica 3\/2018, de 5 de desembre, de Protecci\u00f3 de Dades i garantia dels drets digitals (en endavant, LOPDGDD).<\/p>\n<p>Es considerar\u00e0 que existeix tractament de dades personals quan l&#8217;usuari estigui identificat per un nom o adre\u00e7a d&#8217;email que l&#8217;identifiqui (per exemple, per tractar-se d&#8217;un usuari registrat) o quan s&#8217;utilitzin identificadors \u00fanics que permetin distingir uns usuaris d&#8217;altres i realitzar-ne un seguiment individualitzat (per exemple, un ID de publicitat o una adre\u00e7a IP).<\/p>\n<p>L&#8217;anterior no impedir\u00e0 el possible emmagatzematge o acc\u00e9s d&#8217;\u00edndole t\u00e8cnica al sol fi de permetre \u00fanicament la comunicaci\u00f3 entre l&#8217;equip de l&#8217;usuari i la xarxa, per a la prestaci\u00f3 d&#8217;un servei expressament demanat pel destinatari.<\/p>\n<p>En estar excloses de l&#8217;\u00e0mbit d&#8217;aplicaci\u00f3 de l&#8217; article 22.2 de la LSSI, no caldria informar ni obtenir el consentiment sobre el seu \u00fas.<\/p>\n<p>Per contra, caldr\u00e0 informar i obtenir el consentiment per a la utilitzaci\u00f3 de qualsevol altre tipus de galetes, tant pr\u00f2pies com de tercers, de sessi\u00f3 o persistents, que no quedin fora de l&#8217;\u00e0mbit d&#8217; aplicaci\u00f3 de l&#8217; article 22.2 de la LSSI.<\/p>\n<p>&nbsp;<\/p>\n<h2>Com utilitzem les galetes?<\/h2>\n<p>ARAGOGAMMAutilitza galetes pr\u00f2pies i de tercers en els seus llocs web.<\/p>\n<p>Hi ha diversos tipus de galetes:<\/p>\n<ul>\n<li><strong>Galetes t\u00e8cniques:<\/strong> s\u00f3n aquelles que permeten a l&#8217;usuari la navegaci\u00f3 a trav\u00e9s d&#8217;una p\u00e0gina web, plataforma o aplicaci\u00f3 i la utilitzaci\u00f3 de les diferents opcions o serveis que hi hagi, incloent aquelles que l&#8217;editor utilitza per permetre la gesti\u00f3 i operativa de la p\u00e0gina web i habilitar les seves funcions i serveis,<\/li>\n<\/ul>\n<p>L&#8217;\u00fas d&#8217;aquest tipus de galetes no suposa un tractament de dades personals ni estan subjectes a consentiment.<\/p>\n<p>ARAGOGAMMA no utilitza galetes t\u00e8cniques en aquest lloc web.<\/p>\n<ul>\n<li><strong>Galetes de registre<\/strong> que es generen quan vost\u00e8 es registra en un lloc web. S\u00f3n galetes pr\u00f2pies que l&#8217;identifiquen com a usuari registrat i indiquen quan vost\u00e8 s&#8217;ha identificat en el lloc web.<\/li>\n<\/ul>\n<p>Aquestes galetes s\u00f3n utilitzades per identificar el seu compte d&#8217;usuari i els seus serveis associats. Aquestes galetes es mantenen mentre vost\u00e8 no abandoni el compte, tanqui el navegador o apagueu el dispositiu.<\/p>\n<p>Aquestes galetes poden ser utilitzades en combinaci\u00f3 amb dades anal\u00edtiques per identificar de manera individual les seves prefer\u00e8ncies al nostre lloc web.<\/p>\n<p>ARAGOGAMMA no utilitza galetes de registre en aquest lloc web per permetre l&#8217;acc\u00e9s a l&#8217;\u00e0rea privada d\u2019usuaris<\/p>\n<ul>\n<li><strong>Galetes de prefer\u00e8ncies o personalitzaci\u00f3:<\/strong> s\u00f3n aquelles que ens permeten recordar informaci\u00f3 perqu\u00e8 l&#8217;usuari accedeixi al servei amb determinades caracter\u00edstiques que poden diferenciar la seva experi\u00e8ncia de la d&#8217;altres usuaris, com, per exemple, l&#8217;idioma, el nombre de resultats a mostrar quan l&#8217;usuari realitza una recerca, l&#8217;aspecte o contingut del servei en funci\u00f3 del tipus de navegador a trav\u00e9s del qual l&#8217;usuari accedeix al servei o de la regi\u00f3 des de la que accedeix al servei, etc.<\/li>\n<\/ul>\n<p>En ser el propi usuari qui elegeix aquestes caracter\u00edstiques es considera un servei expressament sol\u00b7licitat per l&#8217;usuari i, per tant, no estan subjectes a consentiment.<\/p>\n<p>ARAGOGAMMA no utilitza galetes de prefer\u00e8ncies o personalitzaci\u00f3 en aquest lloc web<\/p>\n<ul>\n<li><strong>Galetes d&#8217; an\u00e0lisi o mesurament:<\/strong> s\u00f3n aquelles que, tractades per nosaltres o mitjan\u00e7ant serveis de tercers, ens permeten quantificar el nombre d&#8217;usuaris i aix\u00ed realitzar el mesurament i an\u00e0lisi estad\u00edstic de la utilitzaci\u00f3 que fan els usuaris del servei ofertat. Per a aix\u00f2 s&#8217;analitza la seva navegaci\u00f3 a la nostra p\u00e0gina web per tal de millorar la seva usabilitat i la presentaci\u00f3 dels productes o serveis que li oferim.<\/li>\n<\/ul>\n<p>La licitud del tractament est\u00e0 basada en l&#8217;inter\u00e8s leg\u00edtim del responsable del tractament ja que s&#8217;utilitzen dades agregades sense identificaci\u00f3 directa dels usuaris (s&#8217;anonimitza l&#8217;adre\u00e7a IP d&#8217;acc\u00e9s), i s&#8217;utilitzen \u00fanicament amb una finalitat estrictament estad\u00edstica. El consentiment es prestar\u00e0 mitjan\u00e7ant qualsevol acci\u00f3 positiva que impliqui continuar amb la navegaci\u00f3, com accedir a altres p\u00e0gines, i s&#8217; inclou la possibilitat que els usuaris manifestin la seva negativa sobre la seva utilitzaci\u00f3.<\/p>\n<p>ARAGOGAMMA no utilitza galetes d&#8217;an\u00e0lisi o mesurament.<\/p>\n<ul>\n<li><strong>Galetes de geolocalitzaci\u00f3<\/strong> que s\u00f3n usades per programes que intenten localitzar geogr\u00e0ficament la situaci\u00f3 de l&#8217;ordinador, smartphone, tauleta o televisi\u00f3 connectada, per de manera totalment an\u00f2nima oferir continguts i serveis m\u00e9s adequats.<\/li>\n<\/ul>\n<p>ARAGOGAMMA no utilitza galetes de prefer\u00e8ncies o personalitzaci\u00f3 en aquest lloc web<\/p>\n<ul>\n<li><strong>Galetes de m\u00e0rqueting o publicitat comportamental: <\/strong>s\u00f3n aquelles que, tractades per nosaltres o per tercers, emmagatzemen informaci\u00f3 del comportament dels usuaris obtinguda a trav\u00e9s de l&#8217;observaci\u00f3 continuada dels seus h\u00e0bits de navegaci\u00f3, cosa que ens permetria, per exemple, desenvolupar un perfil espec\u00edfic per mostrar publicitat en funci\u00f3 d&#8217;aquest.<\/li>\n<\/ul>\n<p>La utilitzaci\u00f3 d&#8217; aquest tipus de galetes \u00fanicament es pot realitzar sota consentiment expr\u00e9s.<\/p>\n<p>ARAGOGAMMA no utilitza galetes de m\u00e0rqueting o publicitat comportamental en aquest lloc web<\/p>\n<ul>\n<li><strong>Altres galetes de tercers<\/strong><\/li>\n<\/ul>\n<p>En algunes p\u00e0gines es poden instal\u00b7lar galetes de tercers que permetin gestionar i millorar els serveis que aquests ofereixen. Un exemple d&#8217;aquest \u00fas s\u00f3n els botons de les xarxes socials que permeten compartir els nostres continguts.<\/p>\n<p>ARAGOGAMMA no utilitza altres galetes de tercers en aquest lloc web.<\/p>\n<h2>\u00a0<\/h2>\n<h2>Com puc configurar les meves prefer\u00e8ncies?<\/h2>\n<p>Pot permetre, bloquejar o eliminar les galetes instal\u00b7lades en el seu equip mitjan\u00e7ant la configuraci\u00f3 de les opcions del seu navegador d&#8217;internet. En el cas de qu\u00e8 les bloquegi, \u00e9s possible que certs serveis que necessiten el seu \u00fas no estiguin disponibles per a vost\u00e8.<\/p>\n<p>A continuaci\u00f3 us oferim enlla\u00e7os en els quals trobareu informaci\u00f3 sobre com pot activar les seves prefer\u00e8ncies en els principals navegadors:<\/p>\n<ul>\n<li><a href=\"Google%20Chrome\">Google Chrome<\/a> (https:\/\/support.google.com\/chrome\/answer\/95647)<\/li>\n<li><a href=\"http:\/\/support.mozilla.org\/es\/kb\/cookies-informacion-que-los-sitios-web-guardan-en-?redirectlocale=en-US&amp;redirectslug=Cookies\">Mozilla Firefox<\/a> (https:\/\/support.mozilla.org\/es\/kb\/cookies-informacion-que-los-sitios-web-guardan-en-)<\/li>\n<li><a href=\"http:\/\/support.microsoft.com\/kb\/196955\/es\">Internet Explorer<\/a> (<a href=\"https:\/\/support.microsoft.com\/es-es\/topic\/cambiar-la-configuraci%C3%B3n-de-seguridad-y-privacidad-de-internet-explorer-11-9528b011-664c-b771-d757-43a2b78b2afe#ie=ie-11\">https:\/\/support.microsoft.com\/es-es\/topic\/cambiar-la-configuraci%C3%B3n-de-seguridad-y-privacidad-de-internet-explorer-11-9528b011-664c-b771-d757-43a2b78b2afe#ie=ie-11<\/a>)<\/li>\n<li>Microsoft Edge (https:\/\/support.microsoft.com\/es-es\/microsoft-edge\/eliminar-las-cookies-en-microsoft-edge-63947406-40ac-c3b8-57b9-2a946a29ae09)<\/li>\n<li><a href=\"http:\/\/www.lavanguardia.com\/cookiesSafari.html\">Safari<\/a> (https:\/\/support.apple.com\/es-mx\/guide\/safari\/sfri11471\/mac)<\/li>\n<li><a href=\"http:\/\/support.apple.com\/kb\/HT1677?viewlocale=es_ES\">Safari para IOS (iPhone, iPad)<\/a> (https:\/\/support.apple.com\/es-es\/HT201265)<\/li>\n<\/ul>\n<p>&nbsp;<\/p>\n<h2><strong>ACTUALITZEM LA NOSTRA POL\u00cdTICA DE GALETES<\/strong><\/h2>\n<p>\u00c9s possible que actualitzem la Pol\u00edtica de Galetes del nostre Lloc Web, per aix\u00f2 li recomanem revisar aquesta pol\u00edtica cada vegada que accedeixi al nostre Lloc Web amb l&#8217;objectiu d&#8217;estar adequadament informat sobre com i per a qu\u00e8 usem les galetes.<\/p>\n<p>[\/et_pb_text][\/et_pb_column][\/et_pb_row][\/et_pb_section]<\/p>\n","protected":false},"excerpt":{"rendered":"<p>Pol\u00edtica de Cookies Aquest lloc web, igual que la majoria dels llocs web a Internet, utilitza cookies (galetes) tant pr\u00f2pies com de tercers, aix\u00ed com altres tecnologies an\u00e0logues, la qual cosa implica la realitzaci\u00f3 de tractaments de dades de car\u00e0cter personal d&#8217;acord amb la normativa europea i espanyola aplicables. A continuaci\u00f3, es proporciona informaci\u00f3 b\u00e0sica [&hellip;]<\/p>\n","protected":false},"author":2,"featured_media":0,"parent":0,"menu_order":0,"comment_status":"closed","ping_status":"closed","template":"","meta":{"_et_pb_use_builder":"on","_et_pb_old_content":"","_et_gb_content_width":"","footnotes":""},"class_list":["post-1592","page","type-page","status-publish","hentry"],"yoast_head":"<!-- This site is optimized with the Yoast SEO plugin v26.2 - https:\/\/yoast.com\/wordpress\/plugins\/seo\/ -->\n<title>Pol\u00edtica de cookies - Aragogamma<\/title>\n<meta name=\"robots\" content=\"index, follow, max-snippet:-1, max-image-preview:large, max-video-preview:-1\" \/>\n<link rel=\"canonical\" href=\"https:\/\/aragogamma.com\/politicacookies\/\" \/>\n<meta property=\"og:locale\" content=\"ca_ES\" \/>\n<meta property=\"og:type\" content=\"article\" \/>\n<meta property=\"og:title\" content=\"Pol\u00edtica de cookies - Aragogamma\" \/>\n<meta property=\"og:description\" content=\"Pol\u00edtica de Cookies Aquest lloc web, igual que la majoria dels llocs web a Internet, utilitza cookies (galetes) tant pr\u00f2pies com de tercers, aix\u00ed com altres tecnologies an\u00e0logues, la qual cosa implica la realitzaci\u00f3 de tractaments de dades de car\u00e0cter personal d&#039;acord amb la normativa europea i espanyola aplicables. A continuaci\u00f3, es proporciona informaci\u00f3 b\u00e0sica [&hellip;]\" \/>\n<meta property=\"og:url\" content=\"https:\/\/aragogamma.com\/politicacookies\/\" \/>\n<meta property=\"og:site_name\" content=\"Aragogamma\" \/>\n<meta property=\"article:modified_time\" content=\"2023-11-10T13:53:42+00:00\" \/>\n<meta name=\"twitter:card\" content=\"summary_large_image\" \/>\n<meta name=\"twitter:label1\" content=\"Temps estimat de lectura\" \/>\n\t<meta name=\"twitter:data1\" content=\"7 minuts\" \/>\n<script type=\"application\/ld+json\" class=\"yoast-schema-graph\">{\"@context\":\"https:\/\/schema.org\",\"@graph\":[{\"@type\":\"WebPage\",\"@id\":\"https:\/\/aragogamma.com\/politicacookies\/\",\"url\":\"https:\/\/aragogamma.com\/politicacookies\/\",\"name\":\"Pol\u00edtica de cookies - Aragogamma\",\"isPartOf\":{\"@id\":\"https:\/\/aragogamma.com\/#website\"},\"datePublished\":\"2023-11-08T12:27:08+00:00\",\"dateModified\":\"2023-11-10T13:53:42+00:00\",\"breadcrumb\":{\"@id\":\"https:\/\/aragogamma.com\/politicacookies\/#breadcrumb\"},\"inLanguage\":\"ca\",\"potentialAction\":[{\"@type\":\"ReadAction\",\"target\":[\"https:\/\/aragogamma.com\/politicacookies\/\"]}]},{\"@type\":\"BreadcrumbList\",\"@id\":\"https:\/\/aragogamma.com\/politicacookies\/#breadcrumb\",\"itemListElement\":[{\"@type\":\"ListItem\",\"position\":1,\"name\":\"Portada\",\"item\":\"https:\/\/aragogamma.com\/\"},{\"@type\":\"ListItem\",\"position\":2,\"name\":\"Pol\u00edtica de cookies\"}]},{\"@type\":\"WebSite\",\"@id\":\"https:\/\/aragogamma.com\/#website\",\"url\":\"https:\/\/aragogamma.com\/\",\"name\":\"Aragogamma\",\"description\":\"Irradiamos confianza desde 1970\",\"publisher\":{\"@id\":\"https:\/\/aragogamma.com\/#organization\"},\"potentialAction\":[{\"@type\":\"SearchAction\",\"target\":{\"@type\":\"EntryPoint\",\"urlTemplate\":\"https:\/\/aragogamma.com\/?s={search_term_string}\"},\"query-input\":{\"@type\":\"PropertyValueSpecification\",\"valueRequired\":true,\"valueName\":\"search_term_string\"}}],\"inLanguage\":\"ca\"},{\"@type\":\"Organization\",\"@id\":\"https:\/\/aragogamma.com\/#organization\",\"name\":\"Aragogamma\",\"url\":\"https:\/\/aragogamma.com\/\",\"logo\":{\"@type\":\"ImageObject\",\"inLanguage\":\"ca\",\"@id\":\"https:\/\/aragogamma.com\/#\/schema\/logo\/image\/\",\"url\":\"https:\/\/aragogamma.com\/wp\/wp-content\/uploads\/2023\/09\/logo-aragogamma-home-510x113-1.jpg\",\"contentUrl\":\"https:\/\/aragogamma.com\/wp\/wp-content\/uploads\/2023\/09\/logo-aragogamma-home-510x113-1.jpg\",\"width\":510,\"height\":113,\"caption\":\"Aragogamma\"},\"image\":{\"@id\":\"https:\/\/aragogamma.com\/#\/schema\/logo\/image\/\"}}]}<\/script>\n<!-- \/ Yoast SEO plugin. -->","yoast_head_json":{"title":"Pol\u00edtica de cookies - Aragogamma","robots":{"index":"index","follow":"follow","max-snippet":"max-snippet:-1","max-image-preview":"max-image-preview:large","max-video-preview":"max-video-preview:-1"},"canonical":"https:\/\/aragogamma.com\/politicacookies\/","og_locale":"ca_ES","og_type":"article","og_title":"Pol\u00edtica de cookies - Aragogamma","og_description":"Pol\u00edtica de Cookies Aquest lloc web, igual que la majoria dels llocs web a Internet, utilitza cookies (galetes) tant pr\u00f2pies com de tercers, aix\u00ed com altres tecnologies an\u00e0logues, la qual cosa implica la realitzaci\u00f3 de tractaments de dades de car\u00e0cter personal d'acord amb la normativa europea i espanyola aplicables. A continuaci\u00f3, es proporciona informaci\u00f3 b\u00e0sica [&hellip;]","og_url":"https:\/\/aragogamma.com\/politicacookies\/","og_site_name":"Aragogamma","article_modified_time":"2023-11-10T13:53:42+00:00","twitter_card":"summary_large_image","twitter_misc":{"Temps estimat de lectura":"7 minuts"},"schema":{"@context":"https:\/\/schema.org","@graph":[{"@type":"WebPage","@id":"https:\/\/aragogamma.com\/politicacookies\/","url":"https:\/\/aragogamma.com\/politicacookies\/","name":"Pol\u00edtica de cookies - Aragogamma","isPartOf":{"@id":"https:\/\/aragogamma.com\/#website"},"datePublished":"2023-11-08T12:27:08+00:00","dateModified":"2023-11-10T13:53:42+00:00","breadcrumb":{"@id":"https:\/\/aragogamma.com\/politicacookies\/#breadcrumb"},"inLanguage":"ca","potentialAction":[{"@type":"ReadAction","target":["https:\/\/aragogamma.com\/politicacookies\/"]}]},{"@type":"BreadcrumbList","@id":"https:\/\/aragogamma.com\/politicacookies\/#breadcrumb","itemListElement":[{"@type":"ListItem","position":1,"name":"Portada","item":"https:\/\/aragogamma.com\/"},{"@type":"ListItem","position":2,"name":"Pol\u00edtica de cookies"}]},{"@type":"WebSite","@id":"https:\/\/aragogamma.com\/#website","url":"https:\/\/aragogamma.com\/","name":"Aragogamma","description":"Irradiamos confianza desde 1970","publisher":{"@id":"https:\/\/aragogamma.com\/#organization"},"potentialAction":[{"@type":"SearchAction","target":{"@type":"EntryPoint","urlTemplate":"https:\/\/aragogamma.com\/?s={search_term_string}"},"query-input":{"@type":"PropertyValueSpecification","valueRequired":true,"valueName":"search_term_string"}}],"inLanguage":"ca"},{"@type":"Organization","@id":"https:\/\/aragogamma.com\/#organization","name":"Aragogamma","url":"https:\/\/aragogamma.com\/","logo":{"@type":"ImageObject","inLanguage":"ca","@id":"https:\/\/aragogamma.com\/#\/schema\/logo\/image\/","url":"https:\/\/aragogamma.com\/wp\/wp-content\/uploads\/2023\/09\/logo-aragogamma-home-510x113-1.jpg","contentUrl":"https:\/\/aragogamma.com\/wp\/wp-content\/uploads\/2023\/09\/logo-aragogamma-home-510x113-1.jpg","width":510,"height":113,"caption":"Aragogamma"},"image":{"@id":"https:\/\/aragogamma.com\/#\/schema\/logo\/image\/"}}]}},"_links":{"self":[{"href":"https:\/\/aragogamma.com\/ca\/wp-json\/wp\/v2\/pages\/1592","targetHints":{"allow":["GET"]}}],"collection":[{"href":"https:\/\/aragogamma.com\/ca\/wp-json\/wp\/v2\/pages"}],"about":[{"href":"https:\/\/aragogamma.com\/ca\/wp-json\/wp\/v2\/types\/page"}],"author":[{"embeddable":true,"href":"https:\/\/aragogamma.com\/ca\/wp-json\/wp\/v2\/users\/2"}],"replies":[{"embeddable":true,"href":"https:\/\/aragogamma.com\/ca\/wp-json\/wp\/v2\/comments?post=1592"}],"version-history":[{"count":3,"href":"https:\/\/aragogamma.com\/ca\/wp-json\/wp\/v2\/pages\/1592\/revisions"}],"predecessor-version":[{"id":1629,"href":"https:\/\/aragogamma.com\/ca\/wp-json\/wp\/v2\/pages\/1592\/revisions\/1629"}],"wp:attachment":[{"href":"https:\/\/aragogamma.com\/ca\/wp-json\/wp\/v2\/media?parent=1592"}],"curies":[{"name":"wp","href":"https:\/\/api.w.org\/{rel}","templated":true}]}}